{"id":43,"date":"2026-02-09T20:08:35","date_gmt":"2026-02-09T20:08:35","guid":{"rendered":"https:\/\/drnprofessional.com\/?page_id=43"},"modified":"2026-02-13T20:11:39","modified_gmt":"2026-02-13T20:11:39","slug":"kovucu-sistemler","status":"publish","type":"page","link":"https:\/\/drnprofessional.com\/index.php\/kovucu-sistemler\/","title":{"rendered":"Ku\u015f Kovucu Sistemler"},"content":{"rendered":"\t\t<div data-elementor-type=\"wp-page\" data-elementor-id=\"43\" class=\"elementor elementor-43\">\n\t\t\t\t<div class=\"elementor-element elementor-element-7a245cf e-flex e-con-boxed e-con e-parent\" data-id=\"7a245cf\" data-element_type=\"container\" data-e-type=\"container\">\n\t\t\t\t\t<div class=\"e-con-inner\">\n\t\t\t\t<div class=\"elementor-element elementor-element-afde8aa elementor-widget elementor-widget-heading\" data-id=\"afde8aa\" data-element_type=\"widget\" data-e-type=\"widget\" data-widget_type=\"heading.default\">\n\t\t\t\t\t<h2 class=\"elementor-heading-title elementor-size-default\">DSRF Teknolojisi Ku\u015f Kovucu Sistem<\/h2>\t\t\t\t<\/div>\n\t\t\t\t\t<\/div>\n\t\t\t\t<\/div>\n\t\t<div class=\"elementor-element elementor-element-41903b6 e-flex e-con-boxed e-con e-parent\" data-id=\"41903b6\" data-element_type=\"container\" data-e-type=\"container\">\n\t\t\t\t\t<div class=\"e-con-inner\">\n\t\t\t\t<div class=\"elementor-element elementor-element-b297e48 elementor-widget elementor-widget-text-editor\" data-id=\"b297e48\" data-element_type=\"widget\" data-e-type=\"widget\" data-widget_type=\"text-editor.default\">\n\t\t\t\t\t\t\t\t\t<p>Ku\u015f Problemlerine Kar\u015f\u0131 Devrim Yaratan Yenilik\u00e7i Ku\u015f Kontrol Sistemler, Do\u011fa Dostu ve Etkin \u00c7\u00f6z\u00fcmler<\/p>\n<p>Fabrika, depo ve b\u00fcy\u00fck marketlerde kar\u015f\u0131la\u015f\u0131lan ku\u015f kaynakl\u0131 sorunlar hijyen problemlerine ayr\u0131ca i\u015fletmeler i\u00e7in ciddi maliyetlere ve operasyonel aksakl\u0131klara neden olabilmektedir.<\/p>\n<p>Bu problemler y\u0131llard\u0131r \u00e7\u00f6z\u00fclmeye \u00e7al\u0131\u015f\u0131lsa da piyasadaki bir\u00e7ok y\u00f6ntem k\u0131sa vadeli ve etkisiz kalmaktad\u0131r. Geleneksel y\u00f6ntemler genellikle ya do\u011faya zarar verir ya da kal\u0131c\u0131 bir \u00e7\u00f6z\u00fcm sunmaktan uzakt\u0131r.<\/p>\n<p>Uluslararas\u0131 patentli Ku\u015f Kovucu Cihazlar\u0131m\u0131z, global ku\u015f problemlerine kesin \u00e7\u00f6z\u00fcm olmas\u0131 \u00f6zelli\u011fi ile fark yaratmaktad\u0131r. Sistem, DSRF teknolojisi ve koku frekans\u0131 teknolojisini bir araya getiren sistemimiz sayesinde kimyasal, ses kirlili\u011fi veya \u00e7evresel zarara yol a\u00e7madan kesin ve kal\u0131c\u0131 \u00e7\u00f6z\u00fcm sa\u011flan\u0131r ayr\u0131ca getiren sistemimiz, uluslararas\u0131 patentli ve d\u00fcnyada tek olma \u00f6zelli\u011fiyle bu problemlere kesin ve bilimsel bir \u00e7\u00f6z\u00fcm getirir.<\/p>\n<p><strong>Hijyen ve \u0130nsan Sa\u011fl\u0131\u011f\u0131na Etkileri<\/strong><\/p>\n<p>\u201cKu\u015flar\u0131n bulundu\u011fu ortamlarda yaln\u0131zca fiziksel zararlar de\u011fil, insan sa\u011fl\u0131\u011f\u0131n\u0131 do\u011frudan tehdit eden unsurlar da ortaya \u00e7\u0131kar. Ku\u015f d\u0131\u015fk\u0131lar\u0131 y\u00fcksek derecede asidiktir ve y\u00fczeylerde bakteri, vir\u00fcs ve mantar y\u00fck\u00fc olu\u015fturur. Ayr\u0131ca \u00f6l\u00fc ku\u015flardan veya yuvalardan t\u00fcreyen bit, pire ve di\u011fer ektoparazitler, depolarda veya ma\u011faza alanlar\u0131nda \u00e7al\u0131\u015fanlara, m\u00fc\u015fterilere ve \u00fcr\u00fcnlere bula\u015fabilir. Bu durum hem hijyen standartlar\u0131n\u0131 hem de i\u015fletmelerin marka g\u00fcvenilirli\u011fini tehlikeye atar.\u201d<\/p>\n<p><strong>Patentli Teknolojimiz:<\/strong> <strong>E\u015fsiz ve Bilimsel Yakla\u015f\u0131m<\/strong><br>Ku\u015f kovucu sistemimiz, piyasadaki muadillerinden tamamen farkl\u0131 bir yakla\u015f\u0131m benimser ve uluslararas\u0131 patentli bir \u00fcr\u00fcnd\u00fcr. Cihaz\u0131m\u0131z, do\u011faya, insana ve ku\u015flara zarar vermeden, ku\u015flar\u0131n fizyolojik ve biyolojik yap\u0131lar\u0131na odaklanarak davran\u0131\u015flar\u0131n\u0131 temelden de\u011fi\u015ftirmeyi hedefler. Kimyasal madde i\u00e7ermeyen bu sistem, frekans ve koku bazl\u0131 \u00f6zel bir teknoloji kullan\u0131r.<br>Sistemimiz, DSRF &amp; Koku Frekans\u0131 Tabanl\u0131 Ku\u015f Kovucu Sistemlerdir, ku\u015flar\u0131n biyolojik alg\u0131 mekanizmalar\u0131n\u0131 hedef al\u0131r. Ultrasonik cihazlar\u0131n aksine, bu y\u00f6ntem al\u0131\u015fma veya ba\u011f\u0131\u015f\u0131kl\u0131k olu\u015fturmaz, uzun vadeli ve kal\u0131c\u0131 \u00e7\u00f6z\u00fcm sunar. ku\u015flar\u0131n beyin frekanslar\u0131n\u0131 ve koku alma duyular\u0131n\u0131 hedef alarak, bulunduklar\u0131 ortam\u0131 onlar i\u00e7in rahats\u0131z edici hale getirir. Bu sayede ku\u015flar, b\u00f6lgeden do\u011fal yollarla uzakla\u015f\u0131r ve geri d\u00f6nme e\u011filimleri azal\u0131r. Bu y\u00f6ntemin etkinli\u011fi, ba\u011f\u0131ms\u0131z laboratuvarlar ve bilimsel \u00e7al\u0131\u015fmalarla defalarca kan\u0131tlanm\u0131\u015ft\u0131r.<\/p>\n<p><strong>Teknolojimiz,<\/strong><br>\u0130nsan sa\u011fl\u0131\u011f\u0131na ve di\u011fer hayvanlara zarar vermez.<br>Kimyasal i\u00e7ermez, \u00e7evre dostudur.<br>Yurt d\u0131\u015f\u0131nda bir\u00e7ok \u00fclkede ba\u015far\u0131yla uygulanm\u0131\u015f ve kal\u0131c\u0131l\u0131\u011f\u0131 kan\u0131tlanm\u0131\u015ft\u0131r.<\/p>\t\t\t\t\t\t\t\t<\/div>\n\t\t\t\t\t<\/div>\n\t\t\t\t<\/div>\n\t\t<div class=\"elementor-element elementor-element-b6dd05a e-flex e-con-boxed e-con e-parent\" data-id=\"b6dd05a\" data-element_type=\"container\" data-e-type=\"container\">\n\t\t\t\t\t<div class=\"e-con-inner\">\n\t\t\t\t<div class=\"elementor-element elementor-element-3d40828 elementor-widget elementor-widget-image\" data-id=\"3d40828\" data-element_type=\"widget\" data-e-type=\"widget\" data-widget_type=\"image.default\">\n\t\t\t\t\t\t\t\t\t\t\t\t\t\t\t<img fetchpriority=\"high\" decoding=\"async\" width=\"800\" height=\"534\" src=\"https:\/\/drnprofessional.com\/wp-content\/uploads\/2026\/02\/Kus-1024x683.jpeg\" class=\"attachment-large size-large wp-image-106\" alt=\"\" srcset=\"https:\/\/drnprofessional.com\/wp-content\/uploads\/2026\/02\/Kus-1024x683.jpeg 1024w, https:\/\/drnprofessional.com\/wp-content\/uploads\/2026\/02\/Kus-300x200.jpeg 300w, https:\/\/drnprofessional.com\/wp-content\/uploads\/2026\/02\/Kus-768x512.jpeg 768w, https:\/\/drnprofessional.com\/wp-content\/uploads\/2026\/02\/Kus.jpeg 1536w\" sizes=\"(max-width: 800px) 100vw, 800px\" \/>\t\t\t\t\t\t\t\t\t\t\t\t\t\t\t<\/div>\n\t\t\t\t\t<\/div>\n\t\t\t\t<\/div>\n\t\t<div class=\"elementor-element elementor-element-9509a34 e-flex e-con-boxed e-con e-parent\" data-id=\"9509a34\" data-element_type=\"container\" data-e-type=\"container\">\n\t\t\t\t\t<div class=\"e-con-inner\">\n\t\t\t\t<div class=\"elementor-element elementor-element-3ca5826 elementor-widget elementor-widget-image\" data-id=\"3ca5826\" data-element_type=\"widget\" data-e-type=\"widget\" data-widget_type=\"image.default\">\n\t\t\t\t\t\t\t\t\t\t\t\t\t\t\t<img decoding=\"async\" width=\"800\" height=\"536\" src=\"https:\/\/drnprofessional.com\/wp-content\/uploads\/2026\/02\/kus1.jpeg\" class=\"attachment-large size-large wp-image-107\" alt=\"\" srcset=\"https:\/\/drnprofessional.com\/wp-content\/uploads\/2026\/02\/kus1.jpeg 1024w, https:\/\/drnprofessional.com\/wp-content\/uploads\/2026\/02\/kus1-300x201.jpeg 300w, https:\/\/drnprofessional.com\/wp-content\/uploads\/2026\/02\/kus1-768x515.jpeg 768w\" sizes=\"(max-width: 800px) 100vw, 800px\" \/>\t\t\t\t\t\t\t\t\t\t\t\t\t\t\t<\/div>\n\t\t\t\t\t<\/div>\n\t\t\t\t<\/div>\n\t\t\t\t<\/div>\n\t\t","protected":false},"excerpt":{"rendered":"<p>DSRF Teknolojisi Ku\u015f Kovucu Sistem Ku\u015f Problemlerine Kar\u015f\u0131 Devrim Yaratan Yenilik\u00e7i Ku\u015f Kontrol Sistemler, Do\u011fa Dostu ve Etkin \u00c7\u00f6z\u00fcmler Fabrika, depo ve b\u00fcy\u00fck marketlerde kar\u015f\u0131la\u015f\u0131lan ku\u015f kaynakl\u0131 sorunlar hijyen problemlerine &#8230;<\/p>\n","protected":false},"author":1,"featured_media":0,"parent":0,"menu_order":0,"comment_status":"closed","ping_status":"closed","template":"","meta":{"footnotes":""},"class_list":["post-43","page","type-page","status-publish","hentry"],"_links":{"self":[{"href":"https:\/\/drnprofessional.com\/index.php\/wp-json\/wp\/v2\/pages\/43","targetHints":{"allow":["GET"]}}],"collection":[{"href":"https:\/\/drnprofessional.com\/index.php\/wp-json\/wp\/v2\/pages"}],"about":[{"href":"https:\/\/drnprofessional.com\/index.php\/wp-json\/wp\/v2\/types\/page"}],"author":[{"embeddable":true,"href":"https:\/\/drnprofessional.com\/index.php\/wp-json\/wp\/v2\/users\/1"}],"replies":[{"embeddable":true,"href":"https:\/\/drnprofessional.com\/index.php\/wp-json\/wp\/v2\/comments?post=43"}],"version-history":[{"count":11,"href":"https:\/\/drnprofessional.com\/index.php\/wp-json\/wp\/v2\/pages\/43\/revisions"}],"predecessor-version":[{"id":251,"href":"https:\/\/drnprofessional.com\/index.php\/wp-json\/wp\/v2\/pages\/43\/revisions\/251"}],"wp:attachment":[{"href":"https:\/\/drnprofessional.com\/index.php\/wp-json\/wp\/v2\/media?parent=43"}],"curies":[{"name":"wp","href":"https:\/\/api.w.org\/{rel}","templated":true}]}}