{"id":40,"date":"2026-02-09T20:08:12","date_gmt":"2026-02-09T20:08:12","guid":{"rendered":"https:\/\/drnprofessional.com\/?page_id=40"},"modified":"2026-02-13T18:42:44","modified_gmt":"2026-02-13T18:42:44","slug":"hijyenik-led","status":"publish","type":"page","link":"https:\/\/drnprofessional.com\/index.php\/hijyenik-led\/","title":{"rendered":"Hijyenik Led Teknolojisi"},"content":{"rendered":"\t\t<div data-elementor-type=\"wp-page\" data-elementor-id=\"40\" class=\"elementor elementor-40\">\n\t\t\t\t<div class=\"elementor-element elementor-element-a048f20 e-flex e-con-boxed e-con e-parent\" data-id=\"a048f20\" data-element_type=\"container\" data-e-type=\"container\">\n\t\t\t\t\t<div class=\"e-con-inner\">\n\t\t\t\t<div class=\"elementor-element elementor-element-e96fd53 elementor-widget elementor-widget-text-editor\" data-id=\"e96fd53\" data-element_type=\"widget\" data-e-type=\"widget\" data-widget_type=\"text-editor.default\">\n\t\t\t\t\t\t\t\t\t<p>\u00a0 \u00a0 \u00a0 \u00a0 \u00a0 \u00a0 \u00a0 \u00a0 \u00a0 \u00a0 \u00a0 \u00a0 \u00a0 \u00a0 \u00a0 \u00a0 \u00a0 \u00a0 \u00a0 \u00a0 \u00a0<strong>H\u0130JYEN\u0130K LED I\u015eIK TEKNOLOJ\u0130S\u0130<\/strong><\/p><p>\u0130nsan sa\u011fl\u0131\u011f\u0131 ve hijyen, \u00f6zellikle toplu ya\u015fam alanlar\u0131nda ve sa\u011fl\u0131k kurulu\u015flar\u0131nda en b\u00fcy\u00fck \u00f6nceliktir. Y\u00fczeylerin temizlenmesi tek ba\u015f\u0131na yeterli olmamakta, havada as\u0131l\u0131 kalan ve y\u00fczeylerde \u00e7o\u011falan mikroorganizmalar, vir\u00fcsler ve bakteriler ciddi enfeksiyon riskleri ta\u015f\u0131maktad\u0131r. Geleneksel dezenfeksiyon y\u00f6ntemlerine k\u0131yasla \u00e7ok daha etkili ve g\u00fcvenli bir \u00e7\u00f6z\u00fcm sunan\u00a0<strong>Hijyenik LED I\u015f\u0131k Sistemleri<\/strong>, bu soruna kar\u015f\u0131\u00a0<strong>uluslararas\u0131 patentli<\/strong>\u00a0ve \u00e7\u0131\u011f\u0131r a\u00e7\u0131c\u0131 bir teknolojidir.<br \/><strong>Hijyenik LED teknolojisi<\/strong>, d\u00fcnya \u00e7ap\u0131nda patentlenmi\u015f ve benzeri olmayan bir ayd\u0131nlatma sistemidir. Klinik testlerle kan\u0131tland\u0131\u011f\u0131 \u00fczere, yaln\u0131zca\u00a0<strong>15 dakika i\u00e7erisinde ortamdaki canl\u0131 mikroorganizmalar\u0131n %90\u2019\u0131n\u0131<\/strong>\u00a0etkisiz hale getirir. Bu teknoloji, \u00f6zellikle\u00a0<strong>hastanelerde enfeksiyon kaynakl\u0131 \u00f6l\u00fcm oranlar\u0131n\u0131n azalt\u0131lmas\u0131<\/strong>\u00a0amac\u0131yla geli\u015ftirilmi\u015ftir ve bug\u00fcn d\u00fcnyada tek uluslararas\u0131 patenti al\u0131nm\u0131\u015f yenilik\u00e7i bir \u00fcr\u00fcnd\u00fcr.<\/p><p><strong>Sa\u011fl\u0131k Sekt\u00f6r\u00fcndeki Kritik \u00d6nemi \/ Hijyenik LED Teknolojisinin Fark\u0131 ve Bilimsel \u00dcst\u00fcnl\u00fc\u011f\u00fc<\/strong><br \/>Bu sistem, s\u0131radan ayd\u0131nlatma teknolojilerinden tamamen farkl\u0131 bir prensiple \u00e7al\u0131\u015f\u0131r. \u00d6zel olarak tasarlanm\u0131\u015f LED\u2019ler, insan sa\u011fl\u0131\u011f\u0131na hi\u00e7bir zarar vermeden, ortamdaki canl\u0131 mikroorganizmalar\u0131, bakterileri ve vir\u00fcsleri hedef al\u0131r.<br \/>Enfeksiyonlar, hastanelerde \u00f6l\u00fcm oranlar\u0131n\u0131n en \u00f6nemli nedenlerinden biridir. Hijyenik LED \u0131\u015f\u0131k, g\u00f6r\u00fcn\u00fcr \u0131\u015f\u0131k spektrumunda \u00f6zel olarak geli\u015ftirilmi\u015f dalga boyu sayesinde, bakterilerin, vir\u00fcslerin ve di\u011fer mikroorganizmalar\u0131n h\u00fccre yap\u0131s\u0131n\u0131 bozarak etkisiz hale getirir.<\/p><p><strong>Avantajlar\u0131<\/strong><br \/><strong>Patentli ve e\u015fsiz:<\/strong>\u00a0D\u00fcnyada muadili bulunmayan, tek patentli hijyenik LED sistemi<br \/><strong>G\u00fcvenli:<\/strong>\u00a0\u0130nsan ve hayvan sa\u011fl\u0131\u011f\u0131na zarar vermez<br \/><strong>Etkili:<\/strong>\u00a015 dakikada %90\u2019a varan mikroorganizma azalt\u0131m\u0131<br \/><strong>\u00c7ok y\u00f6nl\u00fc kullan\u0131m:<\/strong>\u00a0Sa\u011fl\u0131k, g\u0131da, turizm ve ya\u015fam alanlar\u0131nda geni\u015f uygulama imk\u00e2n\u0131<br \/><strong>Uzun \u00f6m\u00fcrl\u00fc ve d\u00fc\u015f\u00fck maliyetli:<\/strong>\u00a0Kimyasal ya da UV lamba gibi sarf malzemeleri gerektirmez<\/p><p>\u00a0<\/p>\t\t\t\t\t\t\t\t<\/div>\n\t\t\t\t\t<\/div>\n\t\t\t\t<\/div>\n\t\t<div class=\"elementor-element elementor-element-027ea1a e-flex e-con-boxed e-con e-parent\" data-id=\"027ea1a\" data-element_type=\"container\" data-e-type=\"container\">\n\t\t\t\t\t<div class=\"e-con-inner\">\n\t\t\t\t<div class=\"elementor-element elementor-element-ff75112 elementor-widget elementor-widget-image\" data-id=\"ff75112\" data-element_type=\"widget\" data-e-type=\"widget\" data-widget_type=\"image.default\">\n\t\t\t\t\t\t\t\t\t\t\t\t\t\t\t<img fetchpriority=\"high\" decoding=\"async\" width=\"800\" height=\"534\" src=\"https:\/\/drnprofessional.com\/wp-content\/uploads\/2026\/02\/hijyenik-led-foto.jpeg\" class=\"attachment-large size-large wp-image-59\" alt=\"\" srcset=\"https:\/\/drnprofessional.com\/wp-content\/uploads\/2026\/02\/hijyenik-led-foto.jpeg 1024w, https:\/\/drnprofessional.com\/wp-content\/uploads\/2026\/02\/hijyenik-led-foto-300x200.jpeg 300w, https:\/\/drnprofessional.com\/wp-content\/uploads\/2026\/02\/hijyenik-led-foto-768x512.jpeg 768w\" sizes=\"(max-width: 800px) 100vw, 800px\" \/>\t\t\t\t\t\t\t\t\t\t\t\t\t\t\t<\/div>\n\t\t\t\t\t<\/div>\n\t\t\t\t<\/div>\n\t\t<div class=\"elementor-element elementor-element-0dde3d6 e-flex e-con-boxed e-con e-parent\" data-id=\"0dde3d6\" data-element_type=\"container\" data-e-type=\"container\">\n\t\t\t\t\t<div class=\"e-con-inner\">\n\t\t\t\t<div class=\"elementor-element elementor-element-204c3e0 elementor-widget elementor-widget-image\" data-id=\"204c3e0\" data-element_type=\"widget\" data-e-type=\"widget\" data-widget_type=\"image.default\">\n\t\t\t\t\t\t\t\t\t\t\t\t\t\t\t<img decoding=\"async\" width=\"751\" height=\"262\" src=\"https:\/\/drnprofessional.com\/wp-content\/uploads\/2026\/02\/hijyenikled.jpeg\" class=\"attachment-large size-large wp-image-99\" alt=\"\" srcset=\"https:\/\/drnprofessional.com\/wp-content\/uploads\/2026\/02\/hijyenikled.jpeg 751w, https:\/\/drnprofessional.com\/wp-content\/uploads\/2026\/02\/hijyenikled-300x105.jpeg 300w\" sizes=\"(max-width: 751px) 100vw, 751px\" \/>\t\t\t\t\t\t\t\t\t\t\t\t\t\t\t<\/div>\n\t\t\t\t\t<\/div>\n\t\t\t\t<\/div>\n\t\t\t\t<\/div>\n\t\t","protected":false},"excerpt":{"rendered":"<p>\u00a0 \u00a0 \u00a0 \u00a0 \u00a0 \u00a0 \u00a0 \u00a0 \u00a0 \u00a0 \u00a0 \u00a0 \u00a0 \u00a0 \u00a0 \u00a0 \u00a0 \u00a0 \u00a0 \u00a0 \u00a0H\u0130JYEN\u0130K LED I\u015eIK TEKNOLOJ\u0130S\u0130 \u0130nsan sa\u011fl\u0131\u011f\u0131 ve hijyen, \u00f6zellikle toplu &#8230;<\/p>\n","protected":false},"author":1,"featured_media":0,"parent":0,"menu_order":0,"comment_status":"closed","ping_status":"closed","template":"","meta":{"footnotes":""},"class_list":["post-40","page","type-page","status-publish","hentry"],"_links":{"self":[{"href":"https:\/\/drnprofessional.com\/index.php\/wp-json\/wp\/v2\/pages\/40","targetHints":{"allow":["GET"]}}],"collection":[{"href":"https:\/\/drnprofessional.com\/index.php\/wp-json\/wp\/v2\/pages"}],"about":[{"href":"https:\/\/drnprofessional.com\/index.php\/wp-json\/wp\/v2\/types\/page"}],"author":[{"embeddable":true,"href":"https:\/\/drnprofessional.com\/index.php\/wp-json\/wp\/v2\/users\/1"}],"replies":[{"embeddable":true,"href":"https:\/\/drnprofessional.com\/index.php\/wp-json\/wp\/v2\/comments?post=40"}],"version-history":[{"count":18,"href":"https:\/\/drnprofessional.com\/index.php\/wp-json\/wp\/v2\/pages\/40\/revisions"}],"predecessor-version":[{"id":105,"href":"https:\/\/drnprofessional.com\/index.php\/wp-json\/wp\/v2\/pages\/40\/revisions\/105"}],"wp:attachment":[{"href":"https:\/\/drnprofessional.com\/index.php\/wp-json\/wp\/v2\/media?parent=40"}],"curies":[{"name":"wp","href":"https:\/\/api.w.org\/{rel}","templated":true}]}}