{"id":173,"date":"2026-02-13T19:25:58","date_gmt":"2026-02-13T19:25:58","guid":{"rendered":"https:\/\/drnprofessional.com\/?page_id=173"},"modified":"2026-02-13T19:27:25","modified_gmt":"2026-02-13T19:27:25","slug":"hijyenik-kutuphane-isik-teknolojisi","status":"publish","type":"page","link":"https:\/\/drnprofessional.com\/index.php\/hijyenik-kutuphane-isik-teknolojisi\/","title":{"rendered":"Hijyenik K\u00fct\u00fcphane I\u015f\u0131k Teknolojisi"},"content":{"rendered":"\t\t<div data-elementor-type=\"wp-page\" data-elementor-id=\"173\" class=\"elementor elementor-173\">\n\t\t\t\t<div class=\"elementor-element elementor-element-b9ca437 e-flex e-con-boxed e-con e-parent\" data-id=\"b9ca437\" data-element_type=\"container\" data-e-type=\"container\">\n\t\t\t\t\t<div class=\"e-con-inner\">\n\t\t\t\t<div class=\"elementor-element elementor-element-4f052c4 elementor-widget elementor-widget-text-editor\" data-id=\"4f052c4\" data-element_type=\"widget\" data-e-type=\"widget\" data-widget_type=\"text-editor.default\">\n\t\t\t\t\t\t\t\t\t<p>K\u00fct\u00fcphaneler, hastaneler, kre\u015fler ve \u00f6\u011frenci yurtlar\u0131 gibi insanlar\u0131n uzun s\u00fcreler boyunca yak\u0131n temas halinde bulundu\u011fu toplu kullan\u0131m alanlar\u0131, ne kadar iyi havaland\u0131r\u0131l\u0131rsa havaland\u0131r\u0131ls\u0131n, ciddi d\u00fczeyde y\u00fcksek bir bakteri, vir\u00fcs, mantar ve di\u011fer canl\u0131 mikroorganizma y\u00fck\u00fcne sahiptir ve y\u00fcksek biyolojik risk ta\u015f\u0131r. K\u00fct\u00fcphaneler, hastaneler, kre\u015fler, yurtlar ve \u00fcniversite \u00e7al\u0131\u015fma alanlar\u0131 gibi kapal\u0131 ve yo\u011fun kullan\u0131lan ortamlarda; iyi havaland\u0131rma yap\u0131lm\u0131\u015f olsa dahi havada Staphylococcus, Streptococcus, Aspergillus sporlar\u0131, influenza vir\u00fcsleri, adenovir\u00fcsler gibi patojenlerin uzun s\u00fcre ask\u0131da kald\u0131\u011f\u0131 bilimsel \u00e7al\u0131\u015fmalarla g\u00f6sterilmi\u015ftir. Bu mikroorganizmalar temas yoluyla de\u011fil, \u00e7o\u011funlukla hava yoluyla ta\u015f\u0131narak bireyler aras\u0131nda enfeksiyon d\u00f6ng\u00fcs\u00fc olu\u015fturur. \u00d6zellikle k\u0131\u015f aylar\u0131nda damlac\u0131k yoluyla bula\u015fan influenza, SARS-CoV-2 (COVID-19) ve di\u011fer solunum yolu enfeksiyonlar\u0131n\u0131n h\u0131zla yay\u0131lmas\u0131 i\u00e7in ideal bir zemin haz\u0131rlar. Havada as\u0131l\u0131 kalan mikrobiyal aerosoller, y\u00fczeylere yerle\u015ferek ve hava d\u00f6ng\u00fcs\u00fcyle s\u00fcrekli ta\u015f\u0131narak kronik bir sa\u011fl\u0131k tehdidi olu\u015fturur.<\/p><p>Hijyenik I\u015f\u0131k Teknolojisi, bu zorlu\u011fa kar\u015f\u0131 d\u00fcnyada e\u015fi benzeri olmayan, patentli ve bilimsel temelli bir \u00e7\u00f6z\u00fcm sunmaktad\u0131r. Teknolojimiz, kapal\u0131 ortamdaki havay\u0131 s\u00fcrekli olarak optimize ederek, havada as\u0131l\u0131 kalan canl\u0131 mikroorganizma y\u00fck\u00fcn\u00fc (Biyoy\u00fck \/ Bioburden) k\u00f6kten yok eder.<\/p><p>Geleneksel ve Zararl\u0131 UV Y\u00f6nteminden Fark\u0131:<\/p><p>Bilindi\u011fi \u00fczere, ultraviyole (UV-C) \u0131\u015f\u0131nlar\u0131 mikroorganizmalar\u0131 yok etme potansiyeline sahip olsa da, insan sa\u011fl\u0131\u011f\u0131na olan cilt kanseri, katarakt ve DNA hasar\u0131 gibi ciddi zararlar\u0131 nedeniyle canl\u0131 ya\u015fam alanlar\u0131nda kesinlikle kullan\u0131lamayan bir teknolojidir. Bizim Hijyenik I\u015f\u0131k Teknolojimiz ise tam tersine, insan sa\u011fl\u0131\u011f\u0131na zararl\u0131 olmayan, hatta faydalar\u0131 kan\u0131tlanm\u0131\u015f bir \u0131\u015f\u0131k spektrumu kullan\u0131r. Bu teknoloji, bebek k\u00fcvezlerinden sa\u011fl\u0131k sekt\u00f6r\u00fcndeki kritik alanlara kadar geni\u015f bir kullan\u0131m yelpazesinde g\u00fcvenle yer almaktad\u0131r.<\/p><p>Bu teknoloji, havada as\u0131l\u0131 kalan canl\u0131 mikroorganizma y\u00fck\u00fcn\u00fc azaltarak:<\/p><p>Enfeksiyon bula\u015f h\u0131z\u0131n\u0131 d\u00fc\u015f\u00fcr\u00fcr,<\/p><p>Kapal\u0131 alan hijyen seviyesini art\u0131r\u0131r,<\/p><p>Sa\u011fl\u0131k \u015fikayetlerini azalt\u0131r,<\/p><p>\u00c7al\u0131\u015fma ve \u00f6\u011frenme verimini y\u00fckseltir.<\/p>\t\t\t\t\t\t\t\t<\/div>\n\t\t\t\t\t<\/div>\n\t\t\t\t<\/div>\n\t\t<div class=\"elementor-element elementor-element-7287f7b e-flex e-con-boxed e-con e-parent\" data-id=\"7287f7b\" data-element_type=\"container\" data-e-type=\"container\">\n\t\t\t\t\t<div class=\"e-con-inner\">\n\t\t\t\t<div class=\"elementor-element elementor-element-69cd62c elementor-widget elementor-widget-image\" data-id=\"69cd62c\" data-element_type=\"widget\" data-e-type=\"widget\" data-widget_type=\"image.default\">\n\t\t\t\t\t\t\t\t\t\t\t\t\t\t\t<img fetchpriority=\"high\" decoding=\"async\" width=\"800\" height=\"600\" src=\"https:\/\/drnprofessional.com\/wp-content\/uploads\/2026\/02\/kutup-1024x768.jpeg\" class=\"attachment-large size-large wp-image-175\" alt=\"\" srcset=\"https:\/\/drnprofessional.com\/wp-content\/uploads\/2026\/02\/kutup-1024x768.jpeg 1024w, https:\/\/drnprofessional.com\/wp-content\/uploads\/2026\/02\/kutup-300x225.jpeg 300w, https:\/\/drnprofessional.com\/wp-content\/uploads\/2026\/02\/kutup-768x576.jpeg 768w, https:\/\/drnprofessional.com\/wp-content\/uploads\/2026\/02\/kutup-1536x1152.jpeg 1536w, https:\/\/drnprofessional.com\/wp-content\/uploads\/2026\/02\/kutup.jpeg 1600w\" sizes=\"(max-width: 800px) 100vw, 800px\" \/>\t\t\t\t\t\t\t\t\t\t\t\t\t\t\t<\/div>\n\t\t\t\t\t<\/div>\n\t\t\t\t<\/div>\n\t\t\t\t<\/div>\n\t\t","protected":false},"excerpt":{"rendered":"<p>K\u00fct\u00fcphaneler, hastaneler, kre\u015fler ve \u00f6\u011frenci yurtlar\u0131 gibi insanlar\u0131n uzun s\u00fcreler boyunca yak\u0131n temas halinde bulundu\u011fu toplu kullan\u0131m alanlar\u0131, ne kadar iyi havaland\u0131r\u0131l\u0131rsa havaland\u0131r\u0131ls\u0131n, ciddi d\u00fczeyde y\u00fcksek bir bakteri, vir\u00fcs, mantar &#8230;<\/p>\n","protected":false},"author":1,"featured_media":0,"parent":0,"menu_order":0,"comment_status":"closed","ping_status":"closed","template":"","meta":{"footnotes":""},"class_list":["post-173","page","type-page","status-publish","hentry"],"_links":{"self":[{"href":"https:\/\/drnprofessional.com\/index.php\/wp-json\/wp\/v2\/pages\/173","targetHints":{"allow":["GET"]}}],"collection":[{"href":"https:\/\/drnprofessional.com\/index.php\/wp-json\/wp\/v2\/pages"}],"about":[{"href":"https:\/\/drnprofessional.com\/index.php\/wp-json\/wp\/v2\/types\/page"}],"author":[{"embeddable":true,"href":"https:\/\/drnprofessional.com\/index.php\/wp-json\/wp\/v2\/users\/1"}],"replies":[{"embeddable":true,"href":"https:\/\/drnprofessional.com\/index.php\/wp-json\/wp\/v2\/comments?post=173"}],"version-history":[{"count":4,"href":"https:\/\/drnprofessional.com\/index.php\/wp-json\/wp\/v2\/pages\/173\/revisions"}],"predecessor-version":[{"id":178,"href":"https:\/\/drnprofessional.com\/index.php\/wp-json\/wp\/v2\/pages\/173\/revisions\/178"}],"wp:attachment":[{"href":"https:\/\/drnprofessional.com\/index.php\/wp-json\/wp\/v2\/media?parent=173"}],"curies":[{"name":"wp","href":"https:\/\/api.w.org\/{rel}","templated":true}]}}