{"id":167,"date":"2026-02-13T19:23:54","date_gmt":"2026-02-13T19:23:54","guid":{"rendered":"https:\/\/drnprofessional.com\/?page_id=167"},"modified":"2026-02-13T19:25:17","modified_gmt":"2026-02-13T19:25:17","slug":"hava-temizleyici-ve-koku-giderici-sistemler","status":"publish","type":"page","link":"https:\/\/drnprofessional.com\/index.php\/hava-temizleyici-ve-koku-giderici-sistemler\/","title":{"rendered":"Hava Temizleyici ve Koku Giderici Sistemler"},"content":{"rendered":"\t\t<div data-elementor-type=\"wp-page\" data-elementor-id=\"167\" class=\"elementor elementor-167\">\n\t\t\t\t<div class=\"elementor-element elementor-element-429ccd1 e-flex e-con-boxed e-con e-parent\" data-id=\"429ccd1\" data-element_type=\"container\" data-e-type=\"container\">\n\t\t\t\t\t<div class=\"e-con-inner\">\n\t\t\t\t<div class=\"elementor-element elementor-element-21c0c95 elementor-widget elementor-widget-text-editor\" data-id=\"21c0c95\" data-element_type=\"widget\" data-e-type=\"widget\" data-widget_type=\"text-editor.default\">\n\t\t\t\t\t\t\t\t\t<p>Kapal\u0131 mekanlarda soludu\u011fumuz hava, k\u00f6t\u00fc koku molek\u00fclleri, duman, polen, toz, bakteri ve vir\u00fcsler gibi zararl\u0131 partik\u00fcller i\u00e7erebilir. Bu durum, hem hava kalitesini ve ya\u015fam konforunu d\u00fc\u015f\u00fcr\u00fcr hem de insan sa\u011fl\u0131\u011f\u0131 i\u00e7in risk olu\u015fturur. \u00d6zellikle yetersiz havaland\u0131rma bulunan ortamlarda; u\u00e7ucu organik bile\u015fikler (VOC), bakteri ve vir\u00fcsler ile k\u00f6t\u00fc kokular birikir. Bu durum hem sa\u011fl\u0131k riskleri hem de konfor kayb\u0131 yarat\u0131r. Geleneksel havaland\u0131rma sistemleri \u00e7o\u011fu zaman bu partik\u00fclleri etkili bir \u015fekilde temizleyemez. Bizim Hava Temizleyici ve Koku Giderici Sistemlerimiz, bu sorunlara kar\u015f\u0131 iyonize hava teknolojisi ile \u00e7al\u0131\u015fan, kimyasal i\u00e7ermeyen ve bilimsel temellere dayanan bir \u00e7\u00f6z\u00fcm sunar.<\/p><p>Hava Temizleyici &amp; Koku Giderici Sistemler, patentli yap\u0131s\u0131yla bu sorunlara bilimsel, g\u00fcvenli ve kal\u0131c\u0131 bir \u00e7\u00f6z\u00fcm sunmaktad\u0131r.<\/p><p><strong>Teknolojinin \u00c7al\u0131\u015fma Prensibi<\/strong><\/p><p>Sistem, iyonizasyon teknolojisi kullanarak havadaki partik\u00fclleri ve zararl\u0131 mikroorganizmalar\u0131 etkisiz hale getirir.<\/p><p>Etkili Koku Giderimi: Kimyasal maskeleme yerine, k\u00f6t\u00fc koku molek\u00fcllerini do\u011frudan par\u00e7alayarak kal\u0131c\u0131 ve etkili bir \u00e7\u00f6z\u00fcm sunar. Mutfak, tuvalet veya kalabal\u0131k alanlardaki k\u00f6t\u00fc kokular k\u0131sa s\u00fcrede yok olur.<\/p><p>Sa\u011fl\u0131kl\u0131 Hava: Ortam\u0131 iyonize ederek, insan sa\u011fl\u0131\u011f\u0131na faydal\u0131 olan negatif iyonlar\u0131 art\u0131r\u0131r. Bu iyonlar, \u015fehir havas\u0131nda az bulunan ve do\u011fada \u015felale veya orman kenarlar\u0131nda yo\u011fun olarak bulunan iyonlard\u0131r ve stresi azaltma, enerji seviyesini art\u0131rma gibi faydalar\u0131 oldu\u011fu bilinmektedir.<\/p><p>K\u0131sa s\u00fcre i\u00e7inde ortamdaki k\u00f6t\u00fc kokular\u0131 yok eder ve ferah, temiz bir atmosfer olu\u015fturur.<\/p><p>Kimyasal Kullan\u0131m\u0131 Yok: Sistemimiz, zararl\u0131 kimyasallar, parf\u00fcmler veya kokulu spreyler kullanmadan \u00e7al\u0131\u015f\u0131r. Bu \u00f6zelli\u011fiyle alerjisi olanlar, \u00e7ocuklar ve evcil hayvanlar i\u00e7in g\u00fcvenli bir ortam sa\u011flar. Kimyasal veya koku giderici sprey kullan\u0131lmaz; tamamen do\u011fa dostu ve insan sa\u011fl\u0131\u011f\u0131na faydal\u0131 bir y\u00f6ntemdir.<\/p><p>S\u00fcrd\u00fcr\u00fclebilir ve Ekonomik: D\u00fc\u015f\u00fck enerji t\u00fcketimi ile uzun s\u00fcre \u00e7al\u0131\u015f\u0131r ve yedek par\u00e7a, filtre de\u011fi\u015fimi gibi ek maliyetler gerektirmez.<\/p><p>UV ve Kimyasal Y\u00f6ntemlere G\u00f6re Avantajlar\u0131<\/p><p>Kimyasal i\u00e7ermez: Alerji, solunum yolu problemleri veya ek sa\u011fl\u0131k riskleri olu\u015fturmaz.<\/p><p>UV \u0131\u015f\u0131k kullan\u0131lmaz: \u0130nsan sa\u011fl\u0131\u011f\u0131na zararl\u0131 olabilecek radyasyon yaymaz.<\/p><p>Do\u011fal iyon dengesi sa\u011flar: Havan\u0131n tazelenmesine ve i\u00e7 mek\u00e2n kalitesinin artmas\u0131na yard\u0131mc\u0131 olur.<\/p>\t\t\t\t\t\t\t\t<\/div>\n\t\t\t\t\t<\/div>\n\t\t\t\t<\/div>\n\t\t<div class=\"elementor-element elementor-element-a93e277 e-flex e-con-boxed e-con e-parent\" data-id=\"a93e277\" data-element_type=\"container\" data-e-type=\"container\">\n\t\t\t\t\t<div class=\"e-con-inner\">\n\t\t\t\t<div class=\"elementor-element elementor-element-ae849e3 elementor-widget elementor-widget-image\" data-id=\"ae849e3\" data-element_type=\"widget\" data-e-type=\"widget\" data-widget_type=\"image.default\">\n\t\t\t\t\t\t\t\t\t\t\t\t\t\t\t<img fetchpriority=\"high\" decoding=\"async\" width=\"800\" height=\"534\" src=\"https:\/\/drnprofessional.com\/wp-content\/uploads\/2026\/02\/hava-1024x683.jpeg\" class=\"attachment-large size-large wp-image-169\" alt=\"\" srcset=\"https:\/\/drnprofessional.com\/wp-content\/uploads\/2026\/02\/hava-1024x683.jpeg 1024w, https:\/\/drnprofessional.com\/wp-content\/uploads\/2026\/02\/hava-300x200.jpeg 300w, https:\/\/drnprofessional.com\/wp-content\/uploads\/2026\/02\/hava-768x512.jpeg 768w, https:\/\/drnprofessional.com\/wp-content\/uploads\/2026\/02\/hava.jpeg 1536w\" sizes=\"(max-width: 800px) 100vw, 800px\" \/>\t\t\t\t\t\t\t\t\t\t\t\t\t\t\t<\/div>\n\t\t\t\t\t<\/div>\n\t\t\t\t<\/div>\n\t\t\t\t<\/div>\n\t\t","protected":false},"excerpt":{"rendered":"<p>Kapal\u0131 mekanlarda soludu\u011fumuz hava, k\u00f6t\u00fc koku molek\u00fclleri, duman, polen, toz, bakteri ve vir\u00fcsler gibi zararl\u0131 partik\u00fcller i\u00e7erebilir. Bu durum, hem hava kalitesini ve ya\u015fam konforunu d\u00fc\u015f\u00fcr\u00fcr hem de insan sa\u011fl\u0131\u011f\u0131 &#8230;<\/p>\n","protected":false},"author":1,"featured_media":0,"parent":0,"menu_order":0,"comment_status":"closed","ping_status":"closed","template":"","meta":{"footnotes":""},"class_list":["post-167","page","type-page","status-publish","hentry"],"_links":{"self":[{"href":"https:\/\/drnprofessional.com\/index.php\/wp-json\/wp\/v2\/pages\/167","targetHints":{"allow":["GET"]}}],"collection":[{"href":"https:\/\/drnprofessional.com\/index.php\/wp-json\/wp\/v2\/pages"}],"about":[{"href":"https:\/\/drnprofessional.com\/index.php\/wp-json\/wp\/v2\/types\/page"}],"author":[{"embeddable":true,"href":"https:\/\/drnprofessional.com\/index.php\/wp-json\/wp\/v2\/users\/1"}],"replies":[{"embeddable":true,"href":"https:\/\/drnprofessional.com\/index.php\/wp-json\/wp\/v2\/comments?post=167"}],"version-history":[{"count":4,"href":"https:\/\/drnprofessional.com\/index.php\/wp-json\/wp\/v2\/pages\/167\/revisions"}],"predecessor-version":[{"id":172,"href":"https:\/\/drnprofessional.com\/index.php\/wp-json\/wp\/v2\/pages\/167\/revisions\/172"}],"wp:attachment":[{"href":"https:\/\/drnprofessional.com\/index.php\/wp-json\/wp\/v2\/media?parent=167"}],"curies":[{"name":"wp","href":"https:\/\/api.w.org\/{rel}","templated":true}]}}