{"id":161,"date":"2026-02-13T19:22:16","date_gmt":"2026-02-13T19:22:16","guid":{"rendered":"https:\/\/drnprofessional.com\/?page_id=161"},"modified":"2026-02-13T19:23:34","modified_gmt":"2026-02-13T19:23:34","slug":"conta-kacak-tespit-sistemleri","status":"publish","type":"page","link":"https:\/\/drnprofessional.com\/index.php\/conta-kacak-tespit-sistemleri\/","title":{"rendered":"Conta Ka\u00e7ak Tespit Sistemleri"},"content":{"rendered":"\t\t<div data-elementor-type=\"wp-page\" data-elementor-id=\"161\" class=\"elementor elementor-161\">\n\t\t\t\t<div class=\"elementor-element elementor-element-bdb1b5d e-flex e-con-boxed e-con e-parent\" data-id=\"bdb1b5d\" data-element_type=\"container\" data-e-type=\"container\">\n\t\t\t\t\t<div class=\"e-con-inner\">\n\t\t\t\t<div class=\"elementor-element elementor-element-39f0b0e elementor-widget elementor-widget-text-editor\" data-id=\"39f0b0e\" data-element_type=\"widget\" data-e-type=\"widget\" data-widget_type=\"text-editor.default\">\n\t\t\t\t\t\t\t\t\t<p>Ara\u00e7 motorlar\u0131nda olu\u015fan conta ka\u00e7aklar\u0131, hem motor performans\u0131n\u0131 d\u00fc\u015f\u00fcren, hararet problemlerine ve ciddi motor ar\u0131zalar\u0131na yol a\u00e7abilen hem de uzun vadede ciddi hasarlara yol a\u00e7an kritik ar\u0131zalard\u0131r. Bu sorunlar\u0131n do\u011fru ve h\u0131zl\u0131 bir \u015fekilde te\u015fhis edilmesi, hem onar\u0131m maliyetlerini d\u00fc\u015f\u00fcrmek hem de ara\u00e7 g\u00fcvenli\u011fini sa\u011flamak a\u00e7\u0131s\u0131ndan kritik \u00f6nem ta\u015f\u0131r. Geleneksel y\u00f6ntemlerle bu ka\u00e7aklar\u0131n tespiti zaman al\u0131c\u0131, maliyetli ve \u00e7o\u011fu zaman kesinlikten uzak olabilmektedir.<br \/>Conta Ka\u00e7ak Tespit Sistemimiz, bu t\u00fcr ka\u00e7aklar\u0131 bilimsel do\u011frulukla ve saniyeler i\u00e7inde belirleyen, \u00f6zel bir cihaz ve test s\u0131v\u0131s\u0131ndan olu\u015fan yenilik\u00e7i bir \u00e7\u00f6z\u00fcmd\u00fcr. Sistem, \u00f6zel olarak form\u00fcle edilmi\u015f bir test s\u0131v\u0131s\u0131 ve uyumlu test cihaz\u0131 ile \u00e7al\u0131\u015f\u0131r.<br \/>\u00c7al\u0131\u015fma Prensibi<br \/>Ara\u00e7 \u00e7al\u0131\u015f\u0131r durumdayken ve motor suyu \u0131s\u0131nm\u0131\u015f haldeyken, cihaz genle\u015fme deposuna yerle\u015ftirilir.<br \/>\u00c7\u0131kan buhar, test s\u0131v\u0131s\u0131 ile temas eder.<br \/>Yaln\u0131zca 7 saniye i\u00e7inde, ara\u00e7 motor contas\u0131nda ka\u00e7ak olup olmad\u0131\u011f\u0131 kesin olarak tespit edilir.<br \/>Kullan\u0131lan \u00f6zel test s\u0131v\u0131s\u0131, sadece bu cihazla de\u011fil piyasadaki di\u011fer t\u00fcm conta ka\u00e7ak test cihazlar\u0131yla da uyumludur.<br \/>Bilimsel ve Teknik Avantajlar<br \/>H\u0131zl\u0131 ve kesin sonu\u00e7: 7 saniye gibi k\u0131sa s\u00fcrede do\u011fru te\u015fhis.<br \/>Kolay Kullan\u0131m: Sadece bir cihaz ve \u00f6zel s\u0131v\u0131m\u0131z ile karma\u015f\u0131k test s\u00fcre\u00e7lerine gerek kalmadan, herkes taraf\u0131ndan rahatl\u0131kla kullan\u0131labilir.<br \/>Motor g\u00fcvenli\u011fi: Ar\u0131zalar\u0131n erken tespiti, y\u00fcksek maliyetli motor hasarlar\u0131n\u0131n \u00f6n\u00fcne ge\u00e7er.<br \/>Uyumluluk: T\u00fcm ara\u00e7 tipleriyle \u00e7al\u0131\u015f\u0131r; binek, ticari ve a\u011f\u0131r vas\u0131ta ara\u00e7larda kullan\u0131labilir.<br \/>Piyasadaki Di\u011fer Cihazlarla Entegrasyon: Geli\u015ftirdi\u011fimiz \u00f6zel test s\u0131v\u0131s\u0131, piyasada bulunan benzer test cihazlar\u0131yla da uyumludur. Bu, mevcut ekipmanlara sahip i\u015fletmeler i\u00e7in ek bir yat\u0131r\u0131m maliyeti gerektirmez.<br \/>Bilimsel do\u011fruluk: Klasik y\u00f6ntemlere g\u00f6re \u00e7ok daha hassas ve g\u00fcvenilir \u00f6l\u00e7\u00fcm sa\u011flar.<\/p>\t\t\t\t\t\t\t\t<\/div>\n\t\t\t\t\t<\/div>\n\t\t\t\t<\/div>\n\t\t<div class=\"elementor-element elementor-element-5f9c53d e-flex e-con-boxed e-con e-parent\" data-id=\"5f9c53d\" data-element_type=\"container\" data-e-type=\"container\">\n\t\t\t\t\t<div class=\"e-con-inner\">\n\t\t\t\t<div class=\"elementor-element elementor-element-80dca05 elementor-widget elementor-widget-image\" data-id=\"80dca05\" data-element_type=\"widget\" data-e-type=\"widget\" data-widget_type=\"image.default\">\n\t\t\t\t\t\t\t\t\t\t\t\t\t\t\t<img fetchpriority=\"high\" decoding=\"async\" width=\"800\" height=\"534\" src=\"https:\/\/drnprofessional.com\/wp-content\/uploads\/2026\/02\/conta.jpeg\" class=\"attachment-large size-large wp-image-163\" alt=\"\" srcset=\"https:\/\/drnprofessional.com\/wp-content\/uploads\/2026\/02\/conta.jpeg 1024w, https:\/\/drnprofessional.com\/wp-content\/uploads\/2026\/02\/conta-300x200.jpeg 300w, https:\/\/drnprofessional.com\/wp-content\/uploads\/2026\/02\/conta-768x512.jpeg 768w\" sizes=\"(max-width: 800px) 100vw, 800px\" \/>\t\t\t\t\t\t\t\t\t\t\t\t\t\t\t<\/div>\n\t\t\t\t\t<\/div>\n\t\t\t\t<\/div>\n\t\t\t\t<\/div>\n\t\t","protected":false},"excerpt":{"rendered":"<p>Ara\u00e7 motorlar\u0131nda olu\u015fan conta ka\u00e7aklar\u0131, hem motor performans\u0131n\u0131 d\u00fc\u015f\u00fcren, hararet problemlerine ve ciddi motor ar\u0131zalar\u0131na yol a\u00e7abilen hem de uzun vadede ciddi hasarlara yol a\u00e7an kritik ar\u0131zalard\u0131r. Bu sorunlar\u0131n do\u011fru &#8230;<\/p>\n","protected":false},"author":1,"featured_media":0,"parent":0,"menu_order":0,"comment_status":"closed","ping_status":"closed","template":"","meta":{"footnotes":""},"class_list":["post-161","page","type-page","status-publish","hentry"],"_links":{"self":[{"href":"https:\/\/drnprofessional.com\/index.php\/wp-json\/wp\/v2\/pages\/161","targetHints":{"allow":["GET"]}}],"collection":[{"href":"https:\/\/drnprofessional.com\/index.php\/wp-json\/wp\/v2\/pages"}],"about":[{"href":"https:\/\/drnprofessional.com\/index.php\/wp-json\/wp\/v2\/types\/page"}],"author":[{"embeddable":true,"href":"https:\/\/drnprofessional.com\/index.php\/wp-json\/wp\/v2\/users\/1"}],"replies":[{"embeddable":true,"href":"https:\/\/drnprofessional.com\/index.php\/wp-json\/wp\/v2\/comments?post=161"}],"version-history":[{"count":4,"href":"https:\/\/drnprofessional.com\/index.php\/wp-json\/wp\/v2\/pages\/161\/revisions"}],"predecessor-version":[{"id":166,"href":"https:\/\/drnprofessional.com\/index.php\/wp-json\/wp\/v2\/pages\/161\/revisions\/166"}],"wp:attachment":[{"href":"https:\/\/drnprofessional.com\/index.php\/wp-json\/wp\/v2\/media?parent=161"}],"curies":[{"name":"wp","href":"https:\/\/api.w.org\/{rel}","templated":true}]}}