{"id":149,"date":"2026-02-13T19:18:30","date_gmt":"2026-02-13T19:18:30","guid":{"rendered":"https:\/\/drnprofessional.com\/?page_id=149"},"modified":"2026-02-13T20:05:57","modified_gmt":"2026-02-13T20:05:57","slug":"meyve-sebze-ve-sarkuteri-hijyenik-sistemler","status":"publish","type":"page","link":"https:\/\/drnprofessional.com\/index.php\/meyve-sebze-ve-sarkuteri-hijyenik-sistemler\/","title":{"rendered":"Meyve Sebze ve \u015eark\u00fcteri Hijyenik Sistemler"},"content":{"rendered":"\t\t<div data-elementor-type=\"wp-page\" data-elementor-id=\"149\" class=\"elementor elementor-149\">\n\t\t\t\t<div class=\"elementor-element elementor-element-a2ff6d8 e-flex e-con-boxed e-con e-parent\" data-id=\"a2ff6d8\" data-element_type=\"container\" data-e-type=\"container\">\n\t\t\t\t\t<div class=\"e-con-inner\">\n\t\t\t\t<div class=\"elementor-element elementor-element-cbca3dd elementor-widget elementor-widget-text-editor\" data-id=\"cbca3dd\" data-element_type=\"widget\" data-e-type=\"widget\" data-widget_type=\"text-editor.default\">\n\t\t\t\t\t\t\t\t\t<p>G\u0131da g\u00fcvenli\u011fi, g\u00fcn\u00fcm\u00fczde hem t\u00fcketiciler hem de \u00fcreticiler i\u00e7in en kritik konulardan biridir. \u00d6zellikle meyve, sebze ve \u015fark\u00fcteri \u00fcr\u00fcnleri; y\u00fcksek nem, s\u00fcrekli temas ve a\u00e7\u0131kta sergileme ko\u015fullar\u0131 nedeniyle bakteri, vir\u00fcs ve di\u011fer mikroorganizmalar\u0131n kolayca \u00fcreyebildi\u011fi alanlard\u0131r. Bu durum, \u00fcr\u00fcnlerin bozulmas\u0131na, raf \u00f6mr\u00fcn\u00fcn k\u0131salmas\u0131na ve t\u00fcketici sa\u011fl\u0131\u011f\u0131n\u0131n tehlikeye girmesine yol a\u00e7ar. Perakende sekt\u00f6r\u00fcnde g\u0131da hijyeni ve tazeli\u011fi, hem t\u00fcketici sa\u011fl\u0131\u011f\u0131 hem de i\u015fletmelerin itibar\u0131 i\u00e7in kritik \u00f6neme sahiptir. Meyve, sebze ve \u015fark\u00fcteri \u00fcr\u00fcnleri, do\u011falar\u0131 gere\u011fi mikroorganizma \u00fcremesine yatk\u0131nd\u0131r. Geleneksel ayd\u0131nlatma y\u00f6ntemleri bu riski art\u0131r\u0131rken, kimyasal dezenfeksiyon y\u00f6ntemleri ise g\u0131da maddelerinin kalitesini d\u00fc\u015f\u00fcrebilir. Meyve, Sebze ve \u015eark\u00fcteri Hijyenik Lamba Sistemlerimiz, bu sorunlara kar\u015f\u0131 patentli, do\u011fa dostu ve kan\u0131tlanm\u0131\u015f bir \u00e7\u00f6z\u00fcm sunar.<\/p><p>Hijyenik LED I\u015f\u0131k Sistemleri, bu sorunlara bilimsel ve patentli bir \u00e7\u00f6z\u00fcm sunmaktad\u0131r. D\u00fcnyada muadili olmayan bu teknoloji, patentli yap\u0131s\u0131yla g\u0131da g\u00fcvenli\u011fi alan\u0131nda yeni bir standart olu\u015fturmaktad\u0131r.<br \/>Teknolojinin Bilimsel Temeli<br \/>Sistemimiz, sadece ayd\u0131nlatma sa\u011flamakla kalmaz, ayn\u0131 zamanda havada ve \u00fcr\u00fcn y\u00fczeylerinde bulunan canl\u0131 mikroorganizmalar\u0131, bakteri ve vir\u00fcsleri etkili bir \u015fekilde yok eder. Uluslararas\u0131 patentli olan bu teknoloji, hastane enfeksiyon b\u00f6l\u00fcmlerinde bile kullan\u0131larak, hastal\u0131klar\u0131n yay\u0131lmas\u0131n\u0131 engelleme amac\u0131yla geli\u015ftirilmi\u015ftir. I\u015f\u0131\u011f\u0131n frekans ve \u015fiddeti, meyve, sebze ve \u015fark\u00fcteri \u00fcr\u00fcnlerinin \u00f6zelliklerine g\u00f6re \u00f6zel olarak optimize edilmi\u015ftir.<br \/>Hijyenik lambalar, \u00f6zel dalga boyu ve \u0131\u015f\u0131k \u015fiddeti sayesinde:<br \/>Mikroorganizma Kontrol\u00fc: Ortamdaki zararl\u0131 mikroorganizma y\u00fck\u00fcn\u00fc azaltarak \u00fcr\u00fcnlerin y\u00fczeyinde ve \u00e7evresinde hijyenik bir kalkan olu\u015fturur. 15 dakika i\u00e7inde ortamdaki mikroorganizmalar\u0131n %90\u2019\u0131n\u0131 yok eder.<br \/>\u0130nsan sa\u011fl\u0131\u011f\u0131na zarar vermeyen, aksine g\u00fcvenli bir \u0131\u015f\u0131k kayna\u011f\u0131d\u0131r.<br \/>Raf \u00d6mr\u00fc Art\u0131\u015f\u0131: Mikroorganizma \u00fcremesi engellendi\u011fi i\u00e7in, \u00fcr\u00fcnlerin bozulma s\u00fcreci yava\u015flar ve raf \u00f6mr\u00fc \u00f6nemli \u00f6l\u00e7\u00fcde uzar.<br \/>Kimyasal Kullan\u0131m\u0131na Son: G\u0131da maddelerinin kalitesini bozmadan, kimyasal madde veya koruyucu kullanma ihtiyac\u0131n\u0131 ortadan kald\u0131r\u0131r.<br \/>\u00c7o\u011fu hastanenin enfeksiyon b\u00f6l\u00fcmlerinde, hastal\u0131klar\u0131n ilerlemesini durdurmak ve mikroorganizmalar\u0131n yok edilmesini sa\u011flamak i\u00e7in kullan\u0131lmaktad\u0131r.<\/p><p>Bu \u0131\u015f\u0131k teknolojisi, UV lambalardan tamamen farkl\u0131d\u0131r. Neden UV Lambalardan \u00dcst\u00fcn\u00fcz?<br \/>Piyasada dezenfeksiyon amac\u0131yla kullan\u0131lan UV (Ultraviyole) lambalar, ciddi sa\u011fl\u0131k riskleri ta\u015f\u0131r. UV \u0131\u015f\u0131nlar\u0131, insan cildinde yan\u0131klara ve g\u00f6z hasarlar\u0131na neden olabilir; uzun vadede ise kanser riskini art\u0131r\u0131r. Bu nedenle, UV lambalar\u0131n\u0131n bulundu\u011fu ortamlarda insanlar\u0131n bulunmamas\u0131 gerekir.<br \/>UV lambalar: Mikroorganizmalar\u0131n bir k\u0131sm\u0131n\u0131 yok edebilir, ancak insan sa\u011fl\u0131\u011f\u0131 i\u00e7in ciddi riskler ta\u015f\u0131r. Cilt yan\u0131klar\u0131, g\u00f6z hasarlar\u0131 ve uzun vadede kanserojen etkiler yaratabilir. Bu nedenle UV \u0131\u015f\u0131nlar\u0131n\u0131n a\u00e7\u0131k alanlarda kullan\u0131m\u0131 son derece tehlikelidir.<br \/>Hijyenik lambalar: \u0130nsan sa\u011fl\u0131\u011f\u0131na zarar vermez, g\u00fcvenle kullan\u0131labilir. Hem havada hem de g\u0131dalar\u0131n y\u00fczeyinde bulunan bakteri, vir\u00fcs ve di\u011fer mikroorganizmalar\u0131 etkisiz hale getirir. UV \u0131\u015f\u0131n\u0131 yaymaz ve tamamen g\u00fcvenlidir. \u0130nsan sa\u011fl\u0131\u011f\u0131na hi\u00e7bir zarar\u0131 dokunmaz. Hatta, hastane ortamlar\u0131nda dahi g\u00fcvenle kullan\u0131lan bu \u0131\u015f\u0131k, canl\u0131lara zarar veren mikroorganizmalar\u0131 yok ederken, insan ve hayvan sa\u011fl\u0131\u011f\u0131 i\u00e7in faydal\u0131 bir ortam sa\u011flar.<\/p><p><strong>Meyve, Sebze ve \u015eark\u00fcteri \u00dcr\u00fcnlerine Etkisi<\/strong><br \/>Meyve ve sebzelerde: Raf \u00f6mr\u00fcn\u00fc uzat\u0131r, tazeli\u011fi korur, bozulmay\u0131 geciktirir.<br \/>\u015eark\u00fcteri \u00fcr\u00fcnlerinde (et, peynir, s\u00fct \u00fcr\u00fcnleri): Y\u00fczeydeki mikroorganizma y\u00fck\u00fcn\u00fc azaltarak hijyenik ko\u015fullarda muhafaza sa\u011flar.<br \/>Dolap i\u00e7i raflarda: So\u011futma sistemleri ile birlikte \u00e7al\u0131\u015farak hem havadaki hem de \u00fcr\u00fcn y\u00fczeyindeki mikroplar\u0131 etkisiz hale getirir.<\/p><p><strong>Kullan\u0131m Alanlar\u0131<\/strong><br \/>HLI Hijyenik I\u015f\u0131k Sistemleri, g\u0131da sekt\u00f6r\u00fcnde pek \u00e7ok noktada uygulanabilir:<br \/>\u015eark\u00fcteri dolaplar\u0131<br \/>Meyve ve sebze te\u015fhir dolaplar\u0131<br \/>Et reyonlar\u0131<br \/>Paketleme Alanlar\u0131<br \/>So\u011fuk dolap i\u00e7i raflar<br \/>Kasap, bal\u0131k ve \u015fark\u00fcteri b\u00f6l\u00fcmleri<br \/>Restoran ve Kafe Mutfa\u011f\u0131<br \/>Market ve s\u00fcpermarket reyonlar\u0131<br \/>G\u0131da depolar\u0131 ve lojistik alanlar<br \/>Depo ve Antrepolar<\/p><p><strong>Avantajlar\u0131<\/strong><br \/>Patentli ve d\u00fcnyada tek: E\u015fi olmayan bir teknolojidir.<br \/>Kimyasal i\u00e7ermez: G\u0131dalar\u0131n do\u011fall\u0131\u011f\u0131n\u0131 bozmadan hijyen sa\u011flar.<br \/>UV \u0131\u015f\u0131\u011fa k\u0131yasla g\u00fcvenlidir: \u0130nsan sa\u011fl\u0131\u011f\u0131 i\u00e7in risk ta\u015f\u0131maz.<br \/>Raf \u00f6mr\u00fcn\u00fc uzat\u0131r: \u00dcr\u00fcnlerin daha uzun s\u00fcre taze kalmas\u0131n\u0131 sa\u011flar.<br \/>\u00c7ok y\u00f6nl\u00fc kullan\u0131m: Hem a\u00e7\u0131k te\u015fhir alanlar\u0131nda hem de kapal\u0131 dolaplarda etkilidir.<\/p>\t\t\t\t\t\t\t\t<\/div>\n\t\t\t\t\t<\/div>\n\t\t\t\t<\/div>\n\t\t<div class=\"elementor-element elementor-element-932bc49 e-flex e-con-boxed e-con e-parent\" data-id=\"932bc49\" data-element_type=\"container\" data-e-type=\"container\">\n\t\t\t\t\t<div class=\"e-con-inner\">\n\t\t\t\t<div class=\"elementor-element elementor-element-5083216 elementor-widget elementor-widget-image\" data-id=\"5083216\" data-element_type=\"widget\" data-e-type=\"widget\" data-widget_type=\"image.default\">\n\t\t\t\t\t\t\t\t\t\t\t\t\t\t\t<img fetchpriority=\"high\" decoding=\"async\" width=\"800\" height=\"534\" src=\"https:\/\/drnprofessional.com\/wp-content\/uploads\/2026\/02\/myve-1024x683.jpeg\" class=\"attachment-large size-large wp-image-151\" alt=\"\" srcset=\"https:\/\/drnprofessional.com\/wp-content\/uploads\/2026\/02\/myve-1024x683.jpeg 1024w, https:\/\/drnprofessional.com\/wp-content\/uploads\/2026\/02\/myve-300x200.jpeg 300w, https:\/\/drnprofessional.com\/wp-content\/uploads\/2026\/02\/myve-768x512.jpeg 768w, https:\/\/drnprofessional.com\/wp-content\/uploads\/2026\/02\/myve.jpeg 1536w\" sizes=\"(max-width: 800px) 100vw, 800px\" \/>\t\t\t\t\t\t\t\t\t\t\t\t\t\t\t<\/div>\n\t\t\t\t\t<\/div>\n\t\t\t\t<\/div>\n\t\t\t\t<\/div>\n\t\t","protected":false},"excerpt":{"rendered":"<p>G\u0131da g\u00fcvenli\u011fi, g\u00fcn\u00fcm\u00fczde hem t\u00fcketiciler hem de \u00fcreticiler i\u00e7in en kritik konulardan biridir. \u00d6zellikle meyve, sebze ve \u015fark\u00fcteri \u00fcr\u00fcnleri; y\u00fcksek nem, s\u00fcrekli temas ve a\u00e7\u0131kta sergileme ko\u015fullar\u0131 nedeniyle bakteri, vir\u00fcs &#8230;<\/p>\n","protected":false},"author":1,"featured_media":0,"parent":0,"menu_order":0,"comment_status":"closed","ping_status":"closed","template":"","meta":{"footnotes":""},"class_list":["post-149","page","type-page","status-publish","hentry"],"_links":{"self":[{"href":"https:\/\/drnprofessional.com\/index.php\/wp-json\/wp\/v2\/pages\/149","targetHints":{"allow":["GET"]}}],"collection":[{"href":"https:\/\/drnprofessional.com\/index.php\/wp-json\/wp\/v2\/pages"}],"about":[{"href":"https:\/\/drnprofessional.com\/index.php\/wp-json\/wp\/v2\/types\/page"}],"author":[{"embeddable":true,"href":"https:\/\/drnprofessional.com\/index.php\/wp-json\/wp\/v2\/users\/1"}],"replies":[{"embeddable":true,"href":"https:\/\/drnprofessional.com\/index.php\/wp-json\/wp\/v2\/comments?post=149"}],"version-history":[{"count":10,"href":"https:\/\/drnprofessional.com\/index.php\/wp-json\/wp\/v2\/pages\/149\/revisions"}],"predecessor-version":[{"id":233,"href":"https:\/\/drnprofessional.com\/index.php\/wp-json\/wp\/v2\/pages\/149\/revisions\/233"}],"wp:attachment":[{"href":"https:\/\/drnprofessional.com\/index.php\/wp-json\/wp\/v2\/media?parent=149"}],"curies":[{"name":"wp","href":"https:\/\/api.w.org\/{rel}","templated":true}]}}