{"id":143,"date":"2026-02-13T19:16:34","date_gmt":"2026-02-13T19:16:34","guid":{"rendered":"https:\/\/drnprofessional.com\/?page_id=143"},"modified":"2026-02-13T19:17:45","modified_gmt":"2026-02-13T19:17:45","slug":"dsrf-tilki-ve-kopek-kovucu-sistemler","status":"publish","type":"page","link":"https:\/\/drnprofessional.com\/index.php\/dsrf-tilki-ve-kopek-kovucu-sistemler\/","title":{"rendered":"DSRF Tilki ve K\u00f6pek Kovucu Sistemler"},"content":{"rendered":"\t\t<div data-elementor-type=\"wp-page\" data-elementor-id=\"143\" class=\"elementor elementor-143\">\n\t\t\t\t<div class=\"elementor-element elementor-element-59be5e2 e-flex e-con-boxed e-con e-parent\" data-id=\"59be5e2\" data-element_type=\"container\" data-e-type=\"container\">\n\t\t\t\t\t<div class=\"e-con-inner\">\n\t\t\t\t<div class=\"elementor-element elementor-element-1794947 elementor-widget elementor-widget-text-editor\" data-id=\"1794947\" data-element_type=\"widget\" data-e-type=\"widget\" data-widget_type=\"text-editor.default\">\n\t\t\t\t\t\t\t\t\t<p>DSRF frekans tabanl\u0131 teknolojisi, tilki ve k\u00f6peklerin istenmeyen alanlara giri\u015fini kal\u0131c\u0131 ve etkili bir \u015fekilde engeller. Bu sistem, kimyasal madde kullanmadan, do\u011faya zarar vermeden ve insan sa\u011fl\u0131\u011f\u0131na tehdit olu\u015fturmadan \u00e7al\u0131\u015f\u0131r. Ultrasonik ses tabanl\u0131 sistemlerin aksine, DSRF teknolojisi al\u0131\u015fkanl\u0131k geli\u015ftirmeyen frekans dalgalar\u0131 kullanarak hayvanlar\u0131 ortamdan uzak tutar.<br \/>Bah\u00e7e, park, site, veya i\u015f yerlerinde ba\u015f\u0131bo\u015f tilki ve k\u00f6peklerin neden oldu\u011fu g\u00fcvenlik ve hijyen sorunlar\u0131, i\u015fletmeler ve bireyler i\u00e7in ciddi bir problem te\u015fkil eder. Bu soruna kar\u015f\u0131 geli\u015ftirilen geleneksel y\u00f6ntemler genellikle ya yetersiz kal\u0131r ya da \u00e7evreye zarar verir. DSRF Tilki ve K\u00f6pek Kovucu Sistemlerimiz, bu problemlere kar\u015f\u0131 patentli, bilimsel ve kal\u0131c\u0131 bir \u00e7\u00f6z\u00fcm sunarak, istenmeyen hayvanlar\u0131 g\u00fcvenli ve do\u011fa dostu bir \u015fekilde uzakla\u015ft\u0131r\u0131r.<br \/>Piyasadaki Sistemlerin Etkisizli\u011fi<br \/>Bug\u00fcn piyasada sat\u0131lan bir\u00e7ok k\u00f6pek ve tilki kovucu cihaz, ger\u00e7ekte kal\u0131c\u0131 \u00e7\u00f6z\u00fcm sunmamaktad\u0131r. En s\u0131k kar\u015f\u0131la\u015f\u0131lan yetersiz y\u00f6ntemler \u015funlard\u0131r:<\/p><p>Ultrasonik cihazlar: Bu cihazlar, insan kula\u011f\u0131n\u0131n duyamayaca\u011f\u0131 frekansta ses yayarak hayvanlar\u0131 rahats\u0131z etmeyi ama\u00e7lar. Ancak bilimsel \u00e7al\u0131\u015fmalar, hayvanlar\u0131n bu t\u00fcr sabit frekanslara k\u0131sa s\u00fcrede al\u0131\u015ft\u0131\u011f\u0131n\u0131 ve sesin etkisini g\u00f6rmezden geldi\u011fini kan\u0131tlam\u0131\u015ft\u0131r. Bu nedenle, ilk ba\u015fta etkili gibi g\u00f6r\u00fcnse de, k\u0131sa s\u00fcrede verimsiz hale gelir ve problem devam eder. K\u00f6peklerin ve tilkilerin i\u015fitme duyusu ultrasonik dalgalara k\u0131sa s\u00fcrede al\u0131\u015f\u0131r. Ba\u015flang\u0131\u00e7ta k\u0131smi bir etki g\u00f6r\u00fclse bile hayvanlar k\u0131sa s\u00fcrede geri d\u00f6ner. Ayr\u0131ca bu cihazlar \u00e7o\u011funlukla d\u00fc\u015f\u00fck \u00f6m\u00fcrl\u00fcd\u00fcr ve \u00e7abuk ar\u0131zalan\u0131r.<br \/>El tipi kovucular: Kullan\u0131c\u0131ya ba\u011f\u0131ml\u0131d\u0131r, sadece anl\u0131k durumlarda i\u015fe yarar, geni\u015f alanlarda hi\u00e7bir koruma sa\u011flamaz.<br \/>Kimyasal Spreyler ve Gran\u00fcller: Bu \u00fcr\u00fcnler, hayvanlar\u0131 rahats\u0131z eden kokular yayarak onlar\u0131 uzakla\u015ft\u0131rmay\u0131 hedefler. Ancak bu kimyasallar, \u00e7evreye ve di\u011fer canl\u0131lara zarar verebilir. Ayr\u0131ca, ya\u011fmur ve r\u00fczgar gibi d\u0131\u015f etkenlerden kolayca etkilenir ve s\u0131k s\u0131k yeniden uygulanmas\u0131 gerekir.<br \/>Ultrasonik bah\u00e7e kovucular\u0131: Kapsama alan\u0131 dar, hava ko\u015fullar\u0131na kar\u015f\u0131 dayan\u0131ks\u0131zd\u0131r; birka\u00e7 ay i\u00e7inde i\u015flevini kaybedebilir.<br \/>Fiziksel Bariyerler: \u00c7itler ve kafesler gibi fiziksel engeller, estetikten yoksun bir g\u00f6r\u00fcnt\u00fc yarat\u0131r ve kurulumu maliyetlidir.<br \/>T\u00fcm bu sistemler, hem etkisiz olmalar\u0131 hem de k\u0131sa \u00f6m\u00fcrl\u00fc yap\u0131lar\u0131 nedeniyle uzun vadeli ve g\u00fcvenilir bir koruma sa\u011flamaz.<br \/>DSRF Teknolojisinin Avantajlar\u0131<br \/>DSRF sistemimiz, geleneksel y\u00f6ntemlerin aksine, hayvanlar\u0131n fizyolojik ve davran\u0131\u015fsal \u00f6zelliklerine odaklanan patentli bir teknolojidir. Cihaz, hayvanlar\u0131n sinir sistemlerini ve duyma e\u015fiklerini hedef alan, DSRF frekanslar\u0131 kullan\u0131r. Bu frekanslar, hedef hayvanlar i\u00e7in ortam\u0131 rahats\u0131z edici hale getirir ve onlar\u0131n b\u00f6lgeden uzakla\u015fmas\u0131n\u0131 sa\u011flar.<\/p><p>Kal\u0131c\u0131 ve Etkili Koruma: DSRF sistemi, yay\u0131lan frekanslara kar\u015f\u0131 hayvanlar\u0131n ba\u011f\u0131\u015f\u0131kl\u0131k geli\u015ftirmesini engeller. Bu sayede, tek bir cihaz ile 40 metre \u00e7ap\u0131ndaki bir alana hi\u00e7bir tilki veya k\u00f6pe\u011fin girmesini engelleyebilirsiniz.<\/p><p>Uzun \u00d6m\u00fcrl\u00fc ve Bak\u0131m Gerektirmez: 20 y\u0131la kadar dayan\u0131kl\u0131 olan cihazlar\u0131m\u0131z, yedek par\u00e7a veya ek bak\u0131m gerektirmez. Prizin bulundu\u011fu ortama yerle\u015ftirilmesi yeterlidir.<\/p><p>\u00c7e\u015fitli kullan\u0131m modelleri:<\/p><p>El tipi cihazlar (ki\u015fisel g\u00fcvenlik i\u00e7in)<\/p><p>Bah\u00e7e tipi cihazlar (ev bah\u00e7eleri, tar\u0131m alanlar\u0131 i\u00e7in)<\/p><p>G\u00fcne\u015f panelli b\u00fcy\u00fck park sistemleri (\u00e7ocuk parklar\u0131, mesire alanlar\u0131)<\/p><p>Prize tak\u0131larak \u00e7al\u0131\u015fan kapal\u0131 alan modelleri (depo, antrepo vb.)<\/p><p>\u00c7evre ve Canl\u0131 Dostu: Kimyasal madde i\u00e7ermeyen sistemimiz, ne hayvanlara ne de \u00e7evreye zarar verir. Bu \u00f6zelli\u011fiyle, \u00e7ocuklar\u0131n ve evcil hayvanlar\u0131n bulundu\u011fu alanlarda bile g\u00fcvenle kullan\u0131labilir.<\/p><p>Patentli teknoloji: D\u00fcnyada e\u015fi olmayan, kal\u0131c\u0131l\u0131\u011f\u0131 ispatlanm\u0131\u015f sistem.<\/p>\t\t\t\t\t\t\t\t<\/div>\n\t\t\t\t\t<\/div>\n\t\t\t\t<\/div>\n\t\t<div class=\"elementor-element elementor-element-2f8b353 e-flex e-con-boxed e-con e-parent\" data-id=\"2f8b353\" data-element_type=\"container\" data-e-type=\"container\">\n\t\t\t\t\t<div class=\"e-con-inner\">\n\t\t\t\t<div class=\"elementor-element elementor-element-0f4459c elementor-widget elementor-widget-image\" data-id=\"0f4459c\" data-element_type=\"widget\" data-e-type=\"widget\" data-widget_type=\"image.default\">\n\t\t\t\t\t\t\t\t\t\t\t\t\t\t\t<img fetchpriority=\"high\" decoding=\"async\" width=\"800\" height=\"534\" src=\"https:\/\/drnprofessional.com\/wp-content\/uploads\/2026\/02\/kopek.jpeg\" class=\"attachment-large size-large wp-image-145\" alt=\"\" srcset=\"https:\/\/drnprofessional.com\/wp-content\/uploads\/2026\/02\/kopek.jpeg 1024w, https:\/\/drnprofessional.com\/wp-content\/uploads\/2026\/02\/kopek-300x200.jpeg 300w, https:\/\/drnprofessional.com\/wp-content\/uploads\/2026\/02\/kopek-768x512.jpeg 768w\" sizes=\"(max-width: 800px) 100vw, 800px\" \/>\t\t\t\t\t\t\t\t\t\t\t\t\t\t\t<\/div>\n\t\t\t\t\t<\/div>\n\t\t\t\t<\/div>\n\t\t\t\t<\/div>\n\t\t","protected":false},"excerpt":{"rendered":"<p>DSRF frekans tabanl\u0131 teknolojisi, tilki ve k\u00f6peklerin istenmeyen alanlara giri\u015fini kal\u0131c\u0131 ve etkili bir \u015fekilde engeller. Bu sistem, kimyasal madde kullanmadan, do\u011faya zarar vermeden ve insan sa\u011fl\u0131\u011f\u0131na tehdit olu\u015fturmadan \u00e7al\u0131\u015f\u0131r. &#8230;<\/p>\n","protected":false},"author":1,"featured_media":0,"parent":0,"menu_order":0,"comment_status":"closed","ping_status":"closed","template":"","meta":{"footnotes":""},"class_list":["post-143","page","type-page","status-publish","hentry"],"_links":{"self":[{"href":"https:\/\/drnprofessional.com\/index.php\/wp-json\/wp\/v2\/pages\/143","targetHints":{"allow":["GET"]}}],"collection":[{"href":"https:\/\/drnprofessional.com\/index.php\/wp-json\/wp\/v2\/pages"}],"about":[{"href":"https:\/\/drnprofessional.com\/index.php\/wp-json\/wp\/v2\/types\/page"}],"author":[{"embeddable":true,"href":"https:\/\/drnprofessional.com\/index.php\/wp-json\/wp\/v2\/users\/1"}],"replies":[{"embeddable":true,"href":"https:\/\/drnprofessional.com\/index.php\/wp-json\/wp\/v2\/comments?post=143"}],"version-history":[{"count":4,"href":"https:\/\/drnprofessional.com\/index.php\/wp-json\/wp\/v2\/pages\/143\/revisions"}],"predecessor-version":[{"id":148,"href":"https:\/\/drnprofessional.com\/index.php\/wp-json\/wp\/v2\/pages\/143\/revisions\/148"}],"wp:attachment":[{"href":"https:\/\/drnprofessional.com\/index.php\/wp-json\/wp\/v2\/media?parent=143"}],"curies":[{"name":"wp","href":"https:\/\/api.w.org\/{rel}","templated":true}]}}