{"id":136,"date":"2026-02-13T19:13:30","date_gmt":"2026-02-13T19:13:30","guid":{"rendered":"https:\/\/drnprofessional.com\/?page_id=136"},"modified":"2026-02-13T20:13:10","modified_gmt":"2026-02-13T20:13:10","slug":"dsrf-sivrisinek-kovucu-sistemler","status":"publish","type":"page","link":"https:\/\/drnprofessional.com\/index.php\/dsrf-sivrisinek-kovucu-sistemler\/","title":{"rendered":"DSRF Sivrisinek Kovucu Sistemler"},"content":{"rendered":"\t\t<div data-elementor-type=\"wp-page\" data-elementor-id=\"136\" class=\"elementor elementor-136\">\n\t\t\t\t<div class=\"elementor-element elementor-element-438e344 e-flex e-con-boxed e-con e-parent\" data-id=\"438e344\" data-element_type=\"container\" data-e-type=\"container\">\n\t\t\t\t\t<div class=\"e-con-inner\">\n\t\t\t\t<div class=\"elementor-element elementor-element-5e96d9b elementor-widget elementor-widget-text-editor\" data-id=\"5e96d9b\" data-element_type=\"widget\" data-e-type=\"widget\" data-widget_type=\"text-editor.default\">\n\t\t\t\t\t\t\t\t\t<p>Sivrisinekler, \u00f6zellikle yaz aylar\u0131nda hem bireysel ya\u015fam alanlar\u0131nda hem de end\u00fcstriyel tesislerde ciddi bir sorun olu\u015fturur. Ta\u015f\u0131d\u0131klar\u0131 hastal\u0131klar ve hijyen problemleri nedeniyle yaln\u0131zca rahats\u0131zl\u0131k de\u011fil, ayn\u0131 zamanda sa\u011fl\u0131k riski de do\u011fururlar. Bu sorunlara kar\u015f\u0131 piyasada sunulan bir\u00e7ok geleneksel y\u00f6ntem, ne yaz\u0131k ki yetersiz kalmakta ve genellikle kimyasal i\u00e7erikleriyle \u00e7evreye ve insan sa\u011fl\u0131\u011f\u0131na zarar verebilmektedir. Bu soruna kal\u0131c\u0131 ve bilimsel bir \u00e7\u00f6z\u00fcm olarak geli\u015ftirdi\u011fimiz DSRF Sivrisinek Kovucu Sistemler, patentli ve d\u00fcnyada tek teknoloji olma \u00f6zelli\u011fi ta\u015f\u0131maktad\u0131r.<\/p>\n<p><strong>DSRF Teknolojisinin Fark\u0131<\/strong><br>Cihaz, DSRF sistemi ile \u00e7al\u0131\u015f\u0131r. Prize tak\u0131lmas\u0131 yeterlidir ve hi\u00e7bir ek kuruluma ihtiya\u00e7 duymaz.<br>20 metre \u00e7ap\u0131ndaki bir alan\u0131 aktif \u015fekilde koruma alt\u0131na al\u0131r.<br>Hem a\u00e7\u0131k alanlarda (bah\u00e7eler, teraslar, havuz kenarlar\u0131) hem de kapal\u0131 alanlarda (evler, oteller, restoranlar, depolar) etkili bir \u015fekilde \u00e7al\u0131\u015f\u0131r.<br>Kimyasal ya da koku sal\u0131n\u0131m\u0131 i\u00e7ermez, tamamen \u00e7evre dostu ve do\u011fa ile uyumlu bir y\u00f6ntemdir.<br>\u0130nsan sa\u011fl\u0131\u011f\u0131na ve di\u011fer canl\u0131lara zarar vermeden, sivrisineklerin biyolojik alg\u0131 mekanizmalar\u0131n\u0131 hedef alarak \u00e7al\u0131\u015f\u0131r.<\/p>\n<p><strong>Neden DSRF Teknolojisi?<\/strong><br>Cihaz\u0131m\u0131z, sadece prize tak\u0131larak \u00e7al\u0131\u015f\u0131r ve insan kula\u011f\u0131n\u0131n duyamayaca\u011f\u0131, \u00f6zel olarak ayarlanm\u0131\u015f \u00e7ift y\u00f6nl\u00fc rezonans frekanslar\u0131 (DSRF) yayar. Bu frekanslar, sivrisineklerin navigasyon sistemini bozarak ve onlar\u0131 rahats\u0131z ederek ortamdan uzakla\u015ft\u0131r\u0131r. Bu teknoloji, sivrisineklerin do\u011fal d\u00fc\u015fmanlar\u0131n\u0131n \u00e7\u0131kard\u0131\u011f\u0131 sesleri taklit ederek onlar\u0131n b\u00f6lgeden uzakla\u015fmas\u0131n\u0131 sa\u011flar.<br>D\u00fcnyada Tek ve Patentli Teknoloji: DSRF sistemi, mevcut hi\u00e7bir teknolojiye benzemez.<br>Kal\u0131c\u0131 \u00c7\u00f6z\u00fcm: Sivrisineklerin bulundu\u011fu alan\u0131 tamamen ya\u015fanmaz hale getirir, k\u0131sa s\u00fcrede tekrar geri d\u00f6nmelerini engeller.<br>Do\u011fa Dostu: Kimyasal veya zararl\u0131 madde yaymaz, insan sa\u011fl\u0131\u011f\u0131na zarars\u0131zd\u0131r. Bu \u00f6zelli\u011fiyle, \u00e7ocuk odalar\u0131, yatak odalar\u0131 ve mutfaklar gibi hassas alanlarda g\u00fcvenle kullan\u0131labilir.<br>Kolay Kullan\u0131m: Sadece prize tak\u0131lmas\u0131 yeterlidir, bak\u0131m ve sarf malzemesi gerektirmez.<br>Geni\u015f Kullan\u0131m Alan\u0131: Evlerden otellere, restoranlardan end\u00fcstriyel depolara kadar sivrisinek probleminin bulundu\u011fu her ortamda etkin \u015fekilde \u00e7al\u0131\u015f\u0131r.<\/p>\t\t\t\t\t\t\t\t<\/div>\n\t\t\t\t<div class=\"elementor-element elementor-element-2326a1e elementor-widget elementor-widget-image\" data-id=\"2326a1e\" data-element_type=\"widget\" data-e-type=\"widget\" data-widget_type=\"image.default\">\n\t\t\t\t\t\t\t\t\t\t\t\t\t\t\t<img fetchpriority=\"high\" decoding=\"async\" width=\"800\" height=\"534\" src=\"https:\/\/drnprofessional.com\/wp-content\/uploads\/2026\/02\/dsr.jpeg\" class=\"attachment-large size-large wp-image-139\" alt=\"\" srcset=\"https:\/\/drnprofessional.com\/wp-content\/uploads\/2026\/02\/dsr.jpeg 1024w, https:\/\/drnprofessional.com\/wp-content\/uploads\/2026\/02\/dsr-300x200.jpeg 300w, https:\/\/drnprofessional.com\/wp-content\/uploads\/2026\/02\/dsr-768x512.jpeg 768w\" sizes=\"(max-width: 800px) 100vw, 800px\" \/>\t\t\t\t\t\t\t\t\t\t\t\t\t\t\t<\/div>\n\t\t\t\t\t<\/div>\n\t\t\t\t<\/div>\n\t\t\t\t<\/div>\n\t\t","protected":false},"excerpt":{"rendered":"<p>Sivrisinekler, \u00f6zellikle yaz aylar\u0131nda hem bireysel ya\u015fam alanlar\u0131nda hem de end\u00fcstriyel tesislerde ciddi bir sorun olu\u015fturur. Ta\u015f\u0131d\u0131klar\u0131 hastal\u0131klar ve hijyen problemleri nedeniyle yaln\u0131zca rahats\u0131zl\u0131k de\u011fil, ayn\u0131 zamanda sa\u011fl\u0131k riski de &#8230;<\/p>\n","protected":false},"author":1,"featured_media":0,"parent":0,"menu_order":0,"comment_status":"closed","ping_status":"closed","template":"","meta":{"footnotes":""},"class_list":["post-136","page","type-page","status-publish","hentry"],"_links":{"self":[{"href":"https:\/\/drnprofessional.com\/index.php\/wp-json\/wp\/v2\/pages\/136","targetHints":{"allow":["GET"]}}],"collection":[{"href":"https:\/\/drnprofessional.com\/index.php\/wp-json\/wp\/v2\/pages"}],"about":[{"href":"https:\/\/drnprofessional.com\/index.php\/wp-json\/wp\/v2\/types\/page"}],"author":[{"embeddable":true,"href":"https:\/\/drnprofessional.com\/index.php\/wp-json\/wp\/v2\/users\/1"}],"replies":[{"embeddable":true,"href":"https:\/\/drnprofessional.com\/index.php\/wp-json\/wp\/v2\/comments?post=136"}],"version-history":[{"count":7,"href":"https:\/\/drnprofessional.com\/index.php\/wp-json\/wp\/v2\/pages\/136\/revisions"}],"predecessor-version":[{"id":254,"href":"https:\/\/drnprofessional.com\/index.php\/wp-json\/wp\/v2\/pages\/136\/revisions\/254"}],"wp:attachment":[{"href":"https:\/\/drnprofessional.com\/index.php\/wp-json\/wp\/v2\/media?parent=136"}],"curies":[{"name":"wp","href":"https:\/\/api.w.org\/{rel}","templated":true}]}}