{"id":122,"date":"2026-02-13T19:08:37","date_gmt":"2026-02-13T19:08:37","guid":{"rendered":"https:\/\/drnprofessional.com\/?page_id=122"},"modified":"2026-02-13T19:10:50","modified_gmt":"2026-02-13T19:10:50","slug":"dsrf-fare-hasere-kovucu","status":"publish","type":"page","link":"https:\/\/drnprofessional.com\/index.php\/dsrf-fare-hasere-kovucu\/","title":{"rendered":"DSRF Fare &amp; Ha\u015fere Kovucu"},"content":{"rendered":"\t\t<div data-elementor-type=\"wp-page\" data-elementor-id=\"122\" class=\"elementor elementor-122\">\n\t\t\t\t<div class=\"elementor-element elementor-element-67f16c1 e-flex e-con-boxed e-con e-parent\" data-id=\"67f16c1\" data-element_type=\"container\" data-e-type=\"container\">\n\t\t\t\t\t<div class=\"e-con-inner\">\n\t\t\t\t<div class=\"elementor-element elementor-element-cd8529e elementor-widget elementor-widget-text-editor\" data-id=\"cd8529e\" data-element_type=\"widget\" data-e-type=\"widget\" data-widget_type=\"text-editor.default\">\n\t\t\t\t\t\t\t\t\t<p>\u0130\u015fletmelerde ve konutlarda fare ve ha\u015ferelerin yol a\u00e7t\u0131\u011f\u0131 hijyen sorunlar\u0131, maddi hasarlar ve sa\u011fl\u0131k riskleri, ciddi bir problem te\u015fkil etmektedir. Bu t\u00fcr sorunlara kar\u015f\u0131 piyasada sunulan bir\u00e7ok \u00fcr\u00fcn, maalesef kal\u0131c\u0131 ve etkili bir \u00e7\u00f6z\u00fcm sunmaktan uzakt\u0131r. Patentli DSRF teknolojimiz Kemirgen, Fare ve Ha\u015fere Kovucu Sistemimiz, bu problemlere kar\u015f\u0131 patentli, bilimsel, kal\u0131c\u0131 ve g\u00fcvenli bir \u00e7\u00f6z\u00fcm sunar. \u0130nsan sa\u011fl\u0131\u011f\u0131na zarar vermeyen frekans tabanl\u0131 \u00e7al\u0131\u015fma prensibi sayesinde, \u00f6zellikle g\u0131da g\u00fcvenli\u011fi ve hijyenin kritik oldu\u011fu sekt\u00f6rlerde g\u00fcvenle kullan\u0131labilir.<\/p><p><strong>Neden Piyasadaki Cihazlar Etkisiz?<\/strong><\/p><p>Ultrasonik cihazlar: Piyasada en s\u0131k rastlanan fare ve ha\u015fere kovucu sistemleri genellikle ultrasonik ses yayan cihazlard\u0131r. Bu cihazlar, insan kula\u011f\u0131n\u0131n duyamayaca\u011f\u0131 frekanslarda ses yayarak kemirgenleri rahats\u0131z etmeyi ama\u00e7lar. Ancak bilimsel ara\u015ft\u0131rmalar ve saha tecr\u00fcbeleri, bu sistemlerin etkisiz ve k\u0131sa \u00f6m\u00fcrl\u00fc oldu\u011funu kan\u0131tlam\u0131\u015ft\u0131r. Fareler ve ha\u015fereler, bu t\u00fcr sabit ve tekil frekanslara k\u0131sa s\u00fcrede ba\u011f\u0131\u015f\u0131kl\u0131k kazan\u0131r (habituasyon) ve sesin etkisini g\u00f6rmezden gelmeye ba\u015flar. Bu nedenle, ba\u015flang\u0131\u00e7ta sa\u011flad\u0131klar\u0131 ge\u00e7ici rahatlama, k\u0131sa bir s\u00fcre sonra yerini eski probleme b\u0131rak\u0131r.<\/p><p>Kimyasal ve zehirli y\u00f6ntemler: Ge\u00e7ici \u00e7\u00f6z\u00fcmler sunar, insan sa\u011fl\u0131\u011f\u0131 ve \u00e7evre i\u00e7in risklidir, s\u00fcrekli yenileme ve maliyet gerektirir. Ayr\u0131ca, bu y\u00f6ntemler sadece mevcut ha\u015fereleri ortadan kald\u0131r\u0131r, sorunun kayna\u011f\u0131n\u0131 \u00e7\u00f6zmedi\u011fi i\u00e7in yeni ha\u015ferelerin gelmesini engellemez.<\/p><p>Titre\u015fim veya mekanik cihazlar: Dar alanda ge\u00e7ici fayda sa\u011flar; uzun vadede s\u00fcrd\u00fcr\u00fclebilir de\u011fildir. Bu nedenlerle piyasadaki geleneksel \u00e7\u00f6z\u00fcmler, kal\u0131c\u0131 ve verimli bir m\u00fccadele i\u00e7in yetersiz kalmaktad\u0131r.<\/p><p>Bu nedenlerle piyasadaki geleneksel \u00e7\u00f6z\u00fcmler, kal\u0131c\u0131 ve verimli bir m\u00fccadele i\u00e7in yetersiz kalmaktad\u0131r.<\/p><p><strong>DSRF Teknolojisinin Fark\u0131<\/strong><\/p><p>Patentli sistem: DSRF sistemimiz, bu eksiklikleri ortadan kald\u0131rmak i\u00e7in geli\u015ftirilmi\u015f, uluslararas\u0131 patentli bir teknolojidir. Tek bir ultrasonik frekans yerine, kemirgenlerin ve ha\u015ferelerin biyolojik yap\u0131lar\u0131na etki eden, s\u00fcrekli de\u011fi\u015fen ve rastgele yay\u0131lan \u00e7ift rezonans frekanslar\u0131 kullan\u0131r. Bu frekanslar, hedef canl\u0131lar\u0131n sinir sistemini ve i\u015fitsel duyular\u0131n\u0131 do\u011frudan etkileyerek, bulunduklar\u0131 ortam\u0131 onlar i\u00e7in dayan\u0131lmaz hale getirir. Bu sayede ha\u015fereler b\u00f6lgeden ka\u00e7ar ve geri d\u00f6nme e\u011filimi g\u00f6stermez, etkili kovma g\u00fcc\u00fc uzun y\u0131llar boyunca devam eder.<\/p><p>Kal\u0131c\u0131 \u00e7\u00f6z\u00fcm: Tek seferlik kurulum sonras\u0131, prize tak\u0131lmas\u0131 yeterlidir. Kimyasal kullan\u0131m\u0131na gerek kalmadan ortam s\u00fcrekli korunur. prize tak\u0131ld\u0131\u011f\u0131 andan itibaren uzun y\u0131llar boyunca kesintisiz koruma sa\u011flar. Periyodik bir bak\u0131m veya kimyasal dolum gerektirmez.<\/p><p>Kolay Kurulum ve Kullan\u0131m: Cihaz\u0131n kullan\u0131m\u0131 son derece basittir. Sadece elektrik prizine tak\u0131lmas\u0131 yeterlidir.<\/p><p>Kimyasal \u0130\u00e7ermez: Zehirli madde veya kimyasal kullanmadan ha\u015fere kontrol\u00fc sa\u011flad\u0131\u011f\u0131 i\u00e7in g\u0131da depolar\u0131, hastaneler ve \u00e7ocuklu evler gibi hassas alanlar i\u00e7in g\u00fcvenlidir.<\/p>\t\t\t\t\t\t\t\t<\/div>\n\t\t\t\t\t<\/div>\n\t\t\t\t<\/div>\n\t\t<div class=\"elementor-element elementor-element-c9db499 e-flex e-con-boxed e-con e-parent\" data-id=\"c9db499\" data-element_type=\"container\" data-e-type=\"container\">\n\t\t\t\t\t<div class=\"e-con-inner\">\n\t\t\t\t<div class=\"elementor-element elementor-element-c2c8d0e elementor-widget elementor-widget-image\" data-id=\"c2c8d0e\" data-element_type=\"widget\" data-e-type=\"widget\" data-widget_type=\"image.default\">\n\t\t\t\t\t\t\t\t\t\t\t\t\t\t\t<img fetchpriority=\"high\" decoding=\"async\" width=\"800\" height=\"534\" src=\"https:\/\/drnprofessional.com\/wp-content\/uploads\/2026\/02\/DSRF.jpeg\" class=\"attachment-large size-large wp-image-125\" alt=\"\" srcset=\"https:\/\/drnprofessional.com\/wp-content\/uploads\/2026\/02\/DSRF.jpeg 1024w, https:\/\/drnprofessional.com\/wp-content\/uploads\/2026\/02\/DSRF-300x200.jpeg 300w, https:\/\/drnprofessional.com\/wp-content\/uploads\/2026\/02\/DSRF-768x512.jpeg 768w\" sizes=\"(max-width: 800px) 100vw, 800px\" \/>\t\t\t\t\t\t\t\t\t\t\t\t\t\t\t<\/div>\n\t\t\t\t\t<\/div>\n\t\t\t\t<\/div>\n\t\t\t\t<\/div>\n\t\t","protected":false},"excerpt":{"rendered":"<p>\u0130\u015fletmelerde ve konutlarda fare ve ha\u015ferelerin yol a\u00e7t\u0131\u011f\u0131 hijyen sorunlar\u0131, maddi hasarlar ve sa\u011fl\u0131k riskleri, ciddi bir problem te\u015fkil etmektedir. Bu t\u00fcr sorunlara kar\u015f\u0131 piyasada sunulan bir\u00e7ok \u00fcr\u00fcn, maalesef kal\u0131c\u0131 &#8230;<\/p>\n","protected":false},"author":1,"featured_media":0,"parent":0,"menu_order":0,"comment_status":"closed","ping_status":"closed","template":"","meta":{"footnotes":""},"class_list":["post-122","page","type-page","status-publish","hentry"],"_links":{"self":[{"href":"https:\/\/drnprofessional.com\/index.php\/wp-json\/wp\/v2\/pages\/122","targetHints":{"allow":["GET"]}}],"collection":[{"href":"https:\/\/drnprofessional.com\/index.php\/wp-json\/wp\/v2\/pages"}],"about":[{"href":"https:\/\/drnprofessional.com\/index.php\/wp-json\/wp\/v2\/types\/page"}],"author":[{"embeddable":true,"href":"https:\/\/drnprofessional.com\/index.php\/wp-json\/wp\/v2\/users\/1"}],"replies":[{"embeddable":true,"href":"https:\/\/drnprofessional.com\/index.php\/wp-json\/wp\/v2\/comments?post=122"}],"version-history":[{"count":3,"href":"https:\/\/drnprofessional.com\/index.php\/wp-json\/wp\/v2\/pages\/122\/revisions"}],"predecessor-version":[{"id":128,"href":"https:\/\/drnprofessional.com\/index.php\/wp-json\/wp\/v2\/pages\/122\/revisions\/128"}],"wp:attachment":[{"href":"https:\/\/drnprofessional.com\/index.php\/wp-json\/wp\/v2\/media?parent=122"}],"curies":[{"name":"wp","href":"https:\/\/api.w.org\/{rel}","templated":true}]}}