{"id":111,"date":"2026-02-13T18:49:01","date_gmt":"2026-02-13T18:49:01","guid":{"rendered":"https:\/\/drnprofessional.com\/?page_id=111"},"modified":"2026-02-13T20:10:09","modified_gmt":"2026-02-13T20:10:09","slug":"aflatoksin-ve-pestisit-giderici-sistemler","status":"publish","type":"page","link":"https:\/\/drnprofessional.com\/index.php\/aflatoksin-ve-pestisit-giderici-sistemler\/","title":{"rendered":"Aflatoksin Giderici Sistemler"},"content":{"rendered":"\t\t<div data-elementor-type=\"wp-page\" data-elementor-id=\"111\" class=\"elementor elementor-111\">\n\t\t\t\t<div class=\"elementor-element elementor-element-7c202a5 e-flex e-con-boxed e-con e-parent\" data-id=\"7c202a5\" data-element_type=\"container\" data-e-type=\"container\">\n\t\t\t\t\t<div class=\"e-con-inner\">\n\t\t\t\t<div class=\"elementor-element elementor-element-2417196 elementor-widget elementor-widget-text-editor\" data-id=\"2417196\" data-element_type=\"widget\" data-e-type=\"widget\" data-widget_type=\"text-editor.default\">\n\t\t\t\t\t\t\t\t\t<p>G\u0131da end\u00fcstrisinde ve tar\u0131mda aflatoksinler, \u00fcr\u00fcn kalitesini d\u00fc\u015f\u00fcrmenin \u00f6tesinde, halk sa\u011fl\u0131\u011f\u0131 i\u00e7in ciddi bir tehdit olu\u015fturmaktad\u0131r.<br>Yer f\u0131st\u0131\u011f\u0131, baharatlar, kuruyemi\u015fler, tah\u0131llar ve kuru yemi\u015f \u00fcr\u00fcnleri; uygun olmayan tarla ko\u015fullar\u0131, hasat sonras\u0131 kurutma ve depolama s\u00fcre\u00e7lerindeki nem ile s\u0131cakl\u0131k kontrol\u00fc eksikli\u011fi y\u00fcz\u00fcnden Aspergillus flavus ve Aspergillus parasiticus gibi mantarlar taraf\u0131ndan \u00fcretilen aflatoksinlerle kontamine olma riski ta\u015f\u0131r ve bu zehirli ve kanserojenik maddeler, kontrol alt\u0131na al\u0131nmad\u0131\u011f\u0131nda b\u00fcy\u00fck riskler ta\u015f\u0131r. Nemli ve s\u0131cak ko\u015fullarda kolayca \u00fcreyen bu mantarlar, \u00f6zellikle hasat ve depolama s\u0131ras\u0131nda \u00fcr\u00fcnlere bula\u015fabilir. Aflatoksin B1 ba\u015fta olmak \u00fczere B1, B2, G1, G2 t\u00fcrleri; karaci\u011fer kanserinden ba\u011f\u0131\u015f\u0131kl\u0131k bask\u0131lanmas\u0131na kadar geni\u015f bir sa\u011fl\u0131k tehdidi olu\u015fturur. End\u00fcstriyel Aflatoksin Giderici Sistemlerimiz, bu sorunlara k\u00f6kl\u00fc bir \u00e7\u00f6z\u00fcm sunarak g\u0131da g\u00fcvenli\u011fini en \u00fcst d\u00fczeye \u00e7\u0131karmay\u0131 hedefler.<br>T\u00fcrkiye\u2019de yap\u0131lan ara\u015ft\u0131rmalarda, yer f\u0131st\u0131\u011f\u0131nda hasattan sonra kontrols\u00fcz kurutma ve \u00e7ok nemli depolama ko\u015fullar\u0131n\u0131n aflatoksin olu\u015fumunu \u00f6nemli \u00f6l\u00e7\u00fcde art\u0131rd\u0131\u011f\u0131 belirlenmi\u015ftir. Baharatlarda ve kuru yemi\u015flerde yap\u0131lan analizlerde de a\u015f\u0131r\u0131 s\u0131cakl\u0131k ve nemin kontrol edilmedi\u011fi durumlarda kalite ve g\u00fcvenlik a\u00e7\u0131s\u0131ndan s\u0131n\u0131r de\u011feri a\u015fan aflatoksin d\u00fczeyleri raporlanmaktad\u0131r.<br>En \u00e7ok rastland\u0131\u011f\u0131 g\u0131dalar \u015funlard\u0131r:<br>Yer F\u0131st\u0131\u011f\u0131 ve Kuruyemi\u015fler: F\u0131st\u0131k, ceviz, badem ve Antep f\u0131st\u0131\u011f\u0131 gibi kuruyemi\u015fler, aflatoksin olu\u015fumu a\u00e7\u0131s\u0131ndan y\u00fcksek risk ta\u015f\u0131r.<br>Tah\u0131llar: M\u0131s\u0131r, bu\u011fday, pirin\u00e7 ve dar\u0131 gibi tah\u0131llar, uygun olmayan depolama ko\u015fullar\u0131nda h\u0131zla aflatoksin \u00fcretebilir.<br>Baharatlar: K\u0131rm\u0131z\u0131 biber, karabiber, zerde\u00e7al ve di\u011fer baharatlar, nemli ortamda aflatoksin kontaminasyonuna maruz kalabilir.<br>Kuru Meyveler: \u0130ncir ve hurma gibi kuru meyveler de aflatoksin i\u00e7erebilir.<br>Sorum ve Gerek\u00e7e<br>Aflatoksinler g\u0131da g\u00fcvenli\u011fi a\u00e7\u0131s\u0131ndan kritik bir risk te\u015fkil eder; t\u00fcketildi\u011finde uzun vadeli sa\u011fl\u0131k sorunlar\u0131na (karaci\u011fer hastal\u0131klar\u0131, ba\u011f\u0131\u015f\u0131kl\u0131k sistemi bozukluklar\u0131, kanser) yol a\u00e7abilir.<br>Yasal s\u0131n\u0131rlar bir\u00e7ok \u00fclkede s\u0131k\u0131d\u0131r; \u00fcr\u00fcnlerin ihracat\u0131nda uluslararas\u0131 standartlara uyum sa\u011flanmas\u0131 gerekir.<br>Hasat, kurutma, depolama safhalar\u0131nda hijyen, rutubet kontrol\u00fc ve analitik testlerle s\u00fcrekli g\u00f6zetim \u015fartt\u0131r.<\/p>\n<p><strong>Teknolojimiz ve \u00c7\u00f6z\u00fcm\u00fcm\u00fcz<\/strong><br>Geleneksel y\u00f6ntemler genellikle aflatoksinleri tamamen ortadan kald\u0131ramaz. Ya kimyasal i\u015flemler gerektirir ya da \u00fcr\u00fcn\u00fcn kalitesini d\u00fc\u015f\u00fcr\u00fcr. Bizim patentli sistemimiz, g\u0131da g\u00fcvenli\u011fini tehlikeye atmadan, aflatoksinleri etkili bir \u015fekilde yok eder.<br>Sistemimiz hem ev tipi hem de end\u00fcstriyel b\u00fcy\u00fckl\u00fckteki fabrikalar i\u00e7in uygundur. Aile i\u015fletmelerinden b\u00fcy\u00fck \u00f6l\u00e7ekli fabrikalara kadar her ihtiyaca uygun \u00e7\u00f6z\u00fcmlerimiz mevcuttur. Ev tipi cihazlar\u0131m\u0131z k\u00fc\u00e7\u00fck \u00f6l\u00e7ekli kullan\u0131mlar i\u00e7in pratik bir \u00e7\u00f6z\u00fcm sunarken, end\u00fcstriyel sistemlerimiz saatte tonlarca \u00fcr\u00fcn\u00fc i\u015fleyebilecek kapasitededir.<br>Patentli teknolojimiz, piyasadaki alternatiflerden farkl\u0131 olarak aflatoksini yok eden, sadece azaltan de\u011fil, kontaminasyonu ortadan kald\u0131rma kapasitesine y\u00f6nelik bir \u00e7\u00f6z\u00fcmd\u00fcr.<br>Katar\u2019daki \u015fubemizde de yayg\u0131n olarak kullan\u0131lmakta; uluslararas\u0131 pazarda kabul g\u00f6rm\u00fc\u015f ve s\u0131kl\u0131kla tercih edilmektedir.<br>Kimyasal i\u00e7ermez; g\u0131dalar\u0131n tat, koku ve besin de\u011ferine zarar vermez.<br>Tamamen G\u00fcvenli ve Etkili: Cihazlar\u0131m\u0131z, g\u0131dalar\u0131n besin de\u011ferine, tad\u0131na veya dokusuna zarar vermeden, sadece aflatoksin molek\u00fcllerini hedef alarak \u00e7al\u0131\u015f\u0131r. Bu sayede, \u00fcr\u00fcnleriniz hem g\u00fcvenli hem de y\u00fcksek kalitede kal\u0131r.<br>Teknolojinin \u00c7al\u0131\u015fma Prensibi (\u00d6zet)<br>\u00dcr\u00fcnler, hasat sonras\u0131 y\u00fckselebilen nem ve s\u0131cakl\u0131ktan dolay\u0131 aflatoksin olu\u015fmaya yatk\u0131nd\u0131r. Sistemimiz bunlar\u0131 te\u015fhis eden sens\u00f6rlerle uygun kurutma ve muhafaza ko\u015fullar\u0131n\u0131 sa\u011flamay\u0131 destekler.<br>\u0130\u015flenmi\u015f veya i\u015flem g\u00f6rmemi\u015f yer f\u0131st\u0131\u011f\u0131, baharat ve kuru yemi\u015fler gibi hassas g\u0131dalar \u00fczerinde kontamine taneler ayr\u0131\u015ft\u0131r\u0131l\u0131r, kritik toksin d\u00fczeyleri analiz edilir, ard\u0131ndan toksin uygulama sonras\u0131 biyolojik y\u00f6ntemlerle (\u00f6rne\u011fin \u00f6zel filament mikrobiyal etki veya \u0131\u015f\u0131k\/\u0131s\u0131 temelli y\u00f6ntemler) yok edilir.<\/p>\t\t\t\t\t\t\t\t<\/div>\n\t\t\t\t\t<\/div>\n\t\t\t\t<\/div>\n\t\t<div class=\"elementor-element elementor-element-2234dd8 e-flex e-con-boxed e-con e-parent\" data-id=\"2234dd8\" data-element_type=\"container\" data-e-type=\"container\">\n\t\t\t\t\t<div class=\"e-con-inner\">\n\t\t\t\t<div class=\"elementor-element elementor-element-fd8c55d elementor-widget elementor-widget-image\" data-id=\"fd8c55d\" data-element_type=\"widget\" data-e-type=\"widget\" data-widget_type=\"image.default\">\n\t\t\t\t\t\t\t\t\t\t\t\t\t\t\t<img fetchpriority=\"high\" decoding=\"async\" width=\"800\" height=\"534\" src=\"https:\/\/drnprofessional.com\/wp-content\/uploads\/2026\/02\/aflo-1024x683.jpeg\" class=\"attachment-large size-large wp-image-117\" alt=\"\" srcset=\"https:\/\/drnprofessional.com\/wp-content\/uploads\/2026\/02\/aflo-1024x683.jpeg 1024w, https:\/\/drnprofessional.com\/wp-content\/uploads\/2026\/02\/aflo-300x200.jpeg 300w, https:\/\/drnprofessional.com\/wp-content\/uploads\/2026\/02\/aflo-768x512.jpeg 768w, https:\/\/drnprofessional.com\/wp-content\/uploads\/2026\/02\/aflo.jpeg 1536w\" sizes=\"(max-width: 800px) 100vw, 800px\" \/>\t\t\t\t\t\t\t\t\t\t\t\t\t\t\t<\/div>\n\t\t\t\t\t<\/div>\n\t\t\t\t<\/div>\n\t\t<div class=\"elementor-element elementor-element-359039a e-flex e-con-boxed e-con e-parent\" data-id=\"359039a\" data-element_type=\"container\" data-e-type=\"container\">\n\t\t\t\t\t<div class=\"e-con-inner\">\n\t\t\t\t<div class=\"elementor-element elementor-element-04feb94 elementor-widget elementor-widget-image\" data-id=\"04feb94\" data-element_type=\"widget\" data-e-type=\"widget\" data-widget_type=\"image.default\">\n\t\t\t\t\t\t\t\t\t\t\t\t\t\t\t<img decoding=\"async\" width=\"700\" height=\"330\" src=\"https:\/\/drnprofessional.com\/wp-content\/uploads\/2026\/02\/afloo.jpeg\" class=\"attachment-large size-large wp-image-118\" alt=\"\" srcset=\"https:\/\/drnprofessional.com\/wp-content\/uploads\/2026\/02\/afloo.jpeg 700w, https:\/\/drnprofessional.com\/wp-content\/uploads\/2026\/02\/afloo-300x141.jpeg 300w\" sizes=\"(max-width: 700px) 100vw, 700px\" \/>\t\t\t\t\t\t\t\t\t\t\t\t\t\t\t<\/div>\n\t\t\t\t\t<\/div>\n\t\t\t\t<\/div>\n\t\t\t\t<\/div>\n\t\t","protected":false},"excerpt":{"rendered":"<p>G\u0131da end\u00fcstrisinde ve tar\u0131mda aflatoksinler, \u00fcr\u00fcn kalitesini d\u00fc\u015f\u00fcrmenin \u00f6tesinde, halk sa\u011fl\u0131\u011f\u0131 i\u00e7in ciddi bir tehdit olu\u015fturmaktad\u0131r.Yer f\u0131st\u0131\u011f\u0131, baharatlar, kuruyemi\u015fler, tah\u0131llar ve kuru yemi\u015f \u00fcr\u00fcnleri; uygun olmayan tarla ko\u015fullar\u0131, hasat sonras\u0131 &#8230;<\/p>\n","protected":false},"author":1,"featured_media":0,"parent":0,"menu_order":0,"comment_status":"closed","ping_status":"closed","template":"","meta":{"footnotes":""},"class_list":["post-111","page","type-page","status-publish","hentry"],"_links":{"self":[{"href":"https:\/\/drnprofessional.com\/index.php\/wp-json\/wp\/v2\/pages\/111","targetHints":{"allow":["GET"]}}],"collection":[{"href":"https:\/\/drnprofessional.com\/index.php\/wp-json\/wp\/v2\/pages"}],"about":[{"href":"https:\/\/drnprofessional.com\/index.php\/wp-json\/wp\/v2\/types\/page"}],"author":[{"embeddable":true,"href":"https:\/\/drnprofessional.com\/index.php\/wp-json\/wp\/v2\/users\/1"}],"replies":[{"embeddable":true,"href":"https:\/\/drnprofessional.com\/index.php\/wp-json\/wp\/v2\/comments?post=111"}],"version-history":[{"count":11,"href":"https:\/\/drnprofessional.com\/index.php\/wp-json\/wp\/v2\/pages\/111\/revisions"}],"predecessor-version":[{"id":244,"href":"https:\/\/drnprofessional.com\/index.php\/wp-json\/wp\/v2\/pages\/111\/revisions\/244"}],"wp:attachment":[{"href":"https:\/\/drnprofessional.com\/index.php\/wp-json\/wp\/v2\/media?parent=111"}],"curies":[{"name":"wp","href":"https:\/\/api.w.org\/{rel}","templated":true}]}}